{"id":1492,"date":"2018-03-05T14:05:37","date_gmt":"2018-03-05T14:05:37","guid":{"rendered":"http:\/\/offbeat.edge-themes.com\/?page_id=1492"},"modified":"2024-03-22T01:02:16","modified_gmt":"2024-03-21T23:02:16","slug":"reservation-form","status":"publish","type":"page","link":"https:\/\/poolbar.fi\/?page_id=1492","title":{"rendered":"Tilavaraukset"},"content":{"rendered":"<p>[vc_row css=&#8221;.vc_custom_1710137541959{padding-top: 117px !important;}&#8221;][vc_column width=&#8221;11\/12&#8243; offset=&#8221;vc_col-lg-offset-0 vc_col-lg-6 vc_col-md-offset-0 vc_col-md-9 vc_col-sm-offset-0&#8243;]<div class=\"edgtf-section-title-holder  \" >\n\t<div class=\"edgtf-st-inner\">\n\t\t\t\t\t\t\t<h3 class=\"edgtf-st-title\" >\n\t\t\t\tTiedustele tilojemme varaamista tapahtumaanne<span class=\"edgtf-st-title-dot\">.<\/span>\t\t\t<\/h3>\n\t\t\t\t\t\t\t<p class=\"edgtf-st-text\" style=\"margin-top: 25px\">\n\t\t\t\tTee tapahtumastasi unohtumaton varatessasi biljardibaarimme yksityisk\u00e4ytt\u00f6\u00f6n! Kutsu yst\u00e4v\u00e4t ja kollegat yhteen rennossa ilmapiiriss\u00e4, jossa biljardin pelaaminen yhdistyy hyv\u00e4\u00e4n seuraan. Olipa kyseess\u00e4 sitten syntym\u00e4p\u00e4iv\u00e4juhlat, yrityksen virkistysilta tai vain rento kokoontuminen, meilt\u00e4 l\u00f6ytyy tila ja tunnelma. Tarjoamme valikoiman juomia ja tarjoiluja, jotta voitte keskitty\u00e4 nauttimaan pelist\u00e4 ja toistenne seurasta.\t\t\t<\/p>\n\t\t\t\t\t<\/div>\n<\/div>[vc_empty_space height=&#8221;20px&#8221;]<div class=\"edgtf-section-title-holder  \" >\n\t<div class=\"edgtf-st-inner\">\n\t\t\t\t\t\t\t\t\t<h5 class=\"edgtf-st-text\" style=\"font-weight: 400;margin-top: 25px\">\n\t\t\t\tKysele lis\u00e4\u00e4 info@poolbar.fi tai soita 040 838 5348 \/ Heikki\t\t\t<\/h5>\n\t\t\t\t\t<\/div>\n<\/div>[vc_empty_space height=&#8221;60px&#8221;][\/vc_column][vc_column width=&#8221;1\/12&#8243; offset=&#8221;vc_col-lg-offset-0 vc_col-lg-6 vc_col-md-offset-0 vc_col-md-3 vc_col-sm-offset-0&#8243;][\/vc_column][\/vc_row]<\/p>\n","protected":false},"excerpt":{"rendered":"<p>[vc_row css=&#8221;.vc_custom_1710137541959{padding-top: 117px !important;}&#8221;][vc_column width=&#8221;11\/12&#8243; offset=&#8221;vc_col-lg-offset-0 vc_col-lg-6 vc_col-md-offset-0 vc_col-md-9 vc_col-sm-offset-0&#8243;][vc_empty_space height=&#8221;20px&#8221;][vc_empty_space height=&#8221;60px&#8221;][\/vc_column][vc_column width=&#8221;1\/12&#8243; offset=&#8221;vc_col-lg-offset-0 vc_col-lg-6 vc_col-md-offset-0 vc_col-md-3 vc_col-sm-offset-0&#8243;][\/vc_column][\/vc_row]<\/p>\n","protected":false},"author":1,"featured_media":0,"parent":0,"menu_order":0,"comment_status":"closed","ping_status":"closed","template":"","meta":{"footnotes":""},"class_list":["post-1492","page","type-page","status-publish","hentry"],"yoast_head":"<!-- This site is optimized with the Yoast SEO plugin v26.9 - https:\/\/yoast.com\/product\/yoast-seo-wordpress\/ -->\n<title>Tilavaraukset - Poolbar<\/title>\n<meta name=\"robots\" content=\"index, follow, max-snippet:-1, max-image-preview:large, max-video-preview:-1\" \/>\n<link rel=\"canonical\" href=\"https:\/\/poolbar.fi\/?page_id=1492\" \/>\n<meta property=\"og:locale\" content=\"fi_FI\" \/>\n<meta property=\"og:type\" content=\"article\" \/>\n<meta property=\"og:title\" content=\"Tilavaraukset - Poolbar\" \/>\n<meta property=\"og:description\" content=\"[vc_row css=&#8221;.vc_custom_1710137541959{padding-top: 117px !important;}&#8221;][vc_column width=&#8221;11\/12&#8243; offset=&#8221;vc_col-lg-offset-0 vc_col-lg-6 vc_col-md-offset-0 vc_col-md-9 vc_col-sm-offset-0&#8243;][vc_empty_space height=&#8221;20px&#8221;][vc_empty_space height=&#8221;60px&#8221;][\/vc_column][vc_column width=&#8221;1\/12&#8243; offset=&#8221;vc_col-lg-offset-0 vc_col-lg-6 vc_col-md-offset-0 vc_col-md-3 vc_col-sm-offset-0&#8243;][\/vc_column][\/vc_row]\" \/>\n<meta property=\"og:url\" content=\"https:\/\/poolbar.fi\/?page_id=1492\" \/>\n<meta property=\"og:site_name\" content=\"Poolbar\" \/>\n<meta property=\"article:publisher\" content=\"https:\/\/www.facebook.com\/people\/Riihimen-PoolBar\/100063639903631\/\" \/>\n<meta property=\"article:modified_time\" content=\"2024-03-21T23:02:16+00:00\" \/>\n<meta name=\"twitter:card\" content=\"summary_large_image\" \/>\n<meta name=\"twitter:label1\" content=\"Arvioitu lukuaika\" \/>\n\t<meta name=\"twitter:data1\" content=\"1 minuutti\" \/>\n<script type=\"application\/ld+json\" class=\"yoast-schema-graph\">{\"@context\":\"https:\/\/schema.org\",\"@graph\":[{\"@type\":\"WebPage\",\"@id\":\"https:\/\/poolbar.fi\/?page_id=1492\",\"url\":\"https:\/\/poolbar.fi\/?page_id=1492\",\"name\":\"Tilavaraukset - Poolbar\",\"isPartOf\":{\"@id\":\"https:\/\/poolbar.fi\/#website\"},\"datePublished\":\"2018-03-05T14:05:37+00:00\",\"dateModified\":\"2024-03-21T23:02:16+00:00\",\"breadcrumb\":{\"@id\":\"https:\/\/poolbar.fi\/?page_id=1492#breadcrumb\"},\"inLanguage\":\"fi\",\"potentialAction\":[{\"@type\":\"ReadAction\",\"target\":[\"https:\/\/poolbar.fi\/?page_id=1492\"]}]},{\"@type\":\"BreadcrumbList\",\"@id\":\"https:\/\/poolbar.fi\/?page_id=1492#breadcrumb\",\"itemListElement\":[{\"@type\":\"ListItem\",\"position\":1,\"name\":\"Etusivu\",\"item\":\"https:\/\/poolbar.fi\/\"},{\"@type\":\"ListItem\",\"position\":2,\"name\":\"Tilavaraukset\"}]},{\"@type\":\"WebSite\",\"@id\":\"https:\/\/poolbar.fi\/#website\",\"url\":\"https:\/\/poolbar.fi\/\",\"name\":\"Poolbar\",\"description\":\"Biljardisali kaikille\",\"publisher\":{\"@id\":\"https:\/\/poolbar.fi\/#organization\"},\"potentialAction\":[{\"@type\":\"SearchAction\",\"target\":{\"@type\":\"EntryPoint\",\"urlTemplate\":\"https:\/\/poolbar.fi\/?s={search_term_string}\"},\"query-input\":{\"@type\":\"PropertyValueSpecification\",\"valueRequired\":true,\"valueName\":\"search_term_string\"}}],\"inLanguage\":\"fi\"},{\"@type\":\"Organization\",\"@id\":\"https:\/\/poolbar.fi\/#organization\",\"name\":\"Poolbar\",\"url\":\"https:\/\/poolbar.fi\/\",\"logo\":{\"@type\":\"ImageObject\",\"inLanguage\":\"fi\",\"@id\":\"https:\/\/poolbar.fi\/#\/schema\/logo\/image\/\",\"url\":\"https:\/\/poolbar.fi\/wp-content\/uploads\/Logo_1000_pixel.png\",\"contentUrl\":\"https:\/\/poolbar.fi\/wp-content\/uploads\/Logo_1000_pixel.png\",\"width\":1000,\"height\":1000,\"caption\":\"Poolbar\"},\"image\":{\"@id\":\"https:\/\/poolbar.fi\/#\/schema\/logo\/image\/\"},\"sameAs\":[\"https:\/\/www.facebook.com\/people\/Riihimen-PoolBar\/100063639903631\/\",\"https:\/\/www.instagram.com\/explore\/locations\/287716545\/riihimaen-poolbar\/\"]}]}<\/script>\n<!-- \/ Yoast SEO plugin. -->","yoast_head_json":{"title":"Tilavaraukset - Poolbar","robots":{"index":"index","follow":"follow","max-snippet":"max-snippet:-1","max-image-preview":"max-image-preview:large","max-video-preview":"max-video-preview:-1"},"canonical":"https:\/\/poolbar.fi\/?page_id=1492","og_locale":"fi_FI","og_type":"article","og_title":"Tilavaraukset - Poolbar","og_description":"[vc_row css=&#8221;.vc_custom_1710137541959{padding-top: 117px !important;}&#8221;][vc_column width=&#8221;11\/12&#8243; offset=&#8221;vc_col-lg-offset-0 vc_col-lg-6 vc_col-md-offset-0 vc_col-md-9 vc_col-sm-offset-0&#8243;][vc_empty_space height=&#8221;20px&#8221;][vc_empty_space height=&#8221;60px&#8221;][\/vc_column][vc_column width=&#8221;1\/12&#8243; offset=&#8221;vc_col-lg-offset-0 vc_col-lg-6 vc_col-md-offset-0 vc_col-md-3 vc_col-sm-offset-0&#8243;][\/vc_column][\/vc_row]","og_url":"https:\/\/poolbar.fi\/?page_id=1492","og_site_name":"Poolbar","article_publisher":"https:\/\/www.facebook.com\/people\/Riihimen-PoolBar\/100063639903631\/","article_modified_time":"2024-03-21T23:02:16+00:00","twitter_card":"summary_large_image","twitter_misc":{"Arvioitu lukuaika":"1 minuutti"},"schema":{"@context":"https:\/\/schema.org","@graph":[{"@type":"WebPage","@id":"https:\/\/poolbar.fi\/?page_id=1492","url":"https:\/\/poolbar.fi\/?page_id=1492","name":"Tilavaraukset - Poolbar","isPartOf":{"@id":"https:\/\/poolbar.fi\/#website"},"datePublished":"2018-03-05T14:05:37+00:00","dateModified":"2024-03-21T23:02:16+00:00","breadcrumb":{"@id":"https:\/\/poolbar.fi\/?page_id=1492#breadcrumb"},"inLanguage":"fi","potentialAction":[{"@type":"ReadAction","target":["https:\/\/poolbar.fi\/?page_id=1492"]}]},{"@type":"BreadcrumbList","@id":"https:\/\/poolbar.fi\/?page_id=1492#breadcrumb","itemListElement":[{"@type":"ListItem","position":1,"name":"Etusivu","item":"https:\/\/poolbar.fi\/"},{"@type":"ListItem","position":2,"name":"Tilavaraukset"}]},{"@type":"WebSite","@id":"https:\/\/poolbar.fi\/#website","url":"https:\/\/poolbar.fi\/","name":"Poolbar","description":"Biljardisali kaikille","publisher":{"@id":"https:\/\/poolbar.fi\/#organization"},"potentialAction":[{"@type":"SearchAction","target":{"@type":"EntryPoint","urlTemplate":"https:\/\/poolbar.fi\/?s={search_term_string}"},"query-input":{"@type":"PropertyValueSpecification","valueRequired":true,"valueName":"search_term_string"}}],"inLanguage":"fi"},{"@type":"Organization","@id":"https:\/\/poolbar.fi\/#organization","name":"Poolbar","url":"https:\/\/poolbar.fi\/","logo":{"@type":"ImageObject","inLanguage":"fi","@id":"https:\/\/poolbar.fi\/#\/schema\/logo\/image\/","url":"https:\/\/poolbar.fi\/wp-content\/uploads\/Logo_1000_pixel.png","contentUrl":"https:\/\/poolbar.fi\/wp-content\/uploads\/Logo_1000_pixel.png","width":1000,"height":1000,"caption":"Poolbar"},"image":{"@id":"https:\/\/poolbar.fi\/#\/schema\/logo\/image\/"},"sameAs":["https:\/\/www.facebook.com\/people\/Riihimen-PoolBar\/100063639903631\/","https:\/\/www.instagram.com\/explore\/locations\/287716545\/riihimaen-poolbar\/"]}]}},"_links":{"self":[{"href":"https:\/\/poolbar.fi\/index.php?rest_route=\/wp\/v2\/pages\/1492","targetHints":{"allow":["GET"]}}],"collection":[{"href":"https:\/\/poolbar.fi\/index.php?rest_route=\/wp\/v2\/pages"}],"about":[{"href":"https:\/\/poolbar.fi\/index.php?rest_route=\/wp\/v2\/types\/page"}],"author":[{"embeddable":true,"href":"https:\/\/poolbar.fi\/index.php?rest_route=\/wp\/v2\/users\/1"}],"replies":[{"embeddable":true,"href":"https:\/\/poolbar.fi\/index.php?rest_route=%2Fwp%2Fv2%2Fcomments&post=1492"}],"version-history":[{"count":11,"href":"https:\/\/poolbar.fi\/index.php?rest_route=\/wp\/v2\/pages\/1492\/revisions"}],"predecessor-version":[{"id":5424,"href":"https:\/\/poolbar.fi\/index.php?rest_route=\/wp\/v2\/pages\/1492\/revisions\/5424"}],"wp:attachment":[{"href":"https:\/\/poolbar.fi\/index.php?rest_route=%2Fwp%2Fv2%2Fmedia&parent=1492"}],"curies":[{"name":"wp","href":"https:\/\/api.w.org\/{rel}","templated":true}]}}