{"id":234,"date":"2018-02-22T14:39:46","date_gmt":"2018-02-22T14:39:46","guid":{"rendered":"http:\/\/offbeat.edge-themes.com\/?page_id=234"},"modified":"2026-04-09T00:13:26","modified_gmt":"2026-04-08T22:13:26","slug":"menu","status":"publish","type":"page","link":"https:\/\/poolbar.fi\/?page_id=234","title":{"rendered":"Hinnasto"},"content":{"rendered":"<p>[vc_row row_content_width=&#8221;grid&#8221; css=&#8221;.vc_custom_1710700892978{padding-top: 60px !important;}&#8221;][vc_column]<div class=\"edgtf-section-title-holder  \" style=\"text-align: center\">\n\t<div class=\"edgtf-st-inner\">\n\t\t\t\t\t\t\t<h3 class=\"edgtf-st-title\" >\n\t\t\t\tP\u00f6yd\u00e4t ja darts taulut<span class=\"edgtf-st-title-dot\">.<\/span>\t\t\t<\/h3>\n\t\t\t\t\t\t\t<\/div>\n<\/div>[vc_empty_space height=&#8221;60px&#8221;]<div class=\"edgtf-elements-holder   edgtf-two-columns  edgtf-responsive-mode-1024 \" ><div class=\"edgtf-eh-item    \"  data-item-class=\"edgtf-eh-custom-4575\" data-1280-1600=\"0 0 0 116px\" data-1024-1280=\"0 0 0 116px\" data-768-1024=\"0 0 0 0\" data-680-768=\"0 0 0 0\" data-680=\"0 0 0 0\">\n\t<div class=\"edgtf-eh-item-inner\">\n\t\t<div class=\"edgtf-eh-item-content edgtf-eh-custom-4575\" style=\"padding: 0 0 0 157px\">\n\t\t\t<div class=\"offbeat-pricing-list clearfix offbeat-pli-light offbeat-pli-normal-space\">\n\t\t<div class=\"offbeat-pl-wrapper\">\n\t\t<div class=\"offbeat-pricing-list-item clearfix offbeat-pli-with-image\">\n            <div class=\"offbeat-pli-image-holder\">\n            <img loading=\"lazy\" decoding=\"async\" width=\"150\" height=\"150\" src=\"https:\/\/poolbar.fi\/wp-content\/uploads\/Screenshot-2024-02-25-at-15.26.03-150x150.png\" class=\"attachment-thumbnail size-thumbnail\" alt=\"\" srcset=\"https:\/\/poolbar.fi\/wp-content\/uploads\/Screenshot-2024-02-25-at-15.26.03-150x150.png 150w, https:\/\/poolbar.fi\/wp-content\/uploads\/Screenshot-2024-02-25-at-15.26.03-550x550.png 550w\" sizes=\"auto, (max-width: 150px) 100vw, 150px\" \/>        <\/div>\n        <div class=\"offbeat-pli-content clearfix\">\n                    <div class=\"offbeat-pli-title-holder\">\n                <h4 itemprop=\"name\" class=\"offbeat-pli-title entry-title\" >\n                    Pool p\u00f6yt\u00e4                <\/h4>\n                <div class=\"offbeat-pli-dots\" ><\/div>\n                                    <div class=\"offbeat-pli-price-holder\">\n                        <span class=\"offbeat-pli-price\" >\n                            <span>13,80\u20ac\/h<\/span>\n                        <\/span>\n                    <\/div>\n                            <\/div>\n                <div class=\"offbeat-pli-bottom-content\">\n                    <\/div>\n    <\/div>\n<\/div><div class=\"offbeat-pricing-list-item clearfix offbeat-pli-with-image\">\n            <div class=\"offbeat-pli-image-holder\">\n            <img loading=\"lazy\" decoding=\"async\" width=\"150\" height=\"150\" src=\"https:\/\/poolbar.fi\/wp-content\/uploads\/Screenshot-2024-02-25-at-15.25.15-150x150.png\" class=\"attachment-thumbnail size-thumbnail\" alt=\"\" srcset=\"https:\/\/poolbar.fi\/wp-content\/uploads\/Screenshot-2024-02-25-at-15.25.15-150x150.png 150w, https:\/\/poolbar.fi\/wp-content\/uploads\/Screenshot-2024-02-25-at-15.25.15-550x550.png 550w\" sizes=\"auto, (max-width: 150px) 100vw, 150px\" \/>        <\/div>\n        <div class=\"offbeat-pli-content clearfix\">\n                    <div class=\"offbeat-pli-title-holder\">\n                <h4 itemprop=\"name\" class=\"offbeat-pli-title entry-title\" >\n                    Snooker                <\/h4>\n                <div class=\"offbeat-pli-dots\" ><\/div>\n                                    <div class=\"offbeat-pli-price-holder\">\n                        <span class=\"offbeat-pli-price\" >\n                            <span>15\u20ac\/h<\/span>\n                        <\/span>\n                    <\/div>\n                            <\/div>\n                <div class=\"offbeat-pli-bottom-content\">\n                    <\/div>\n    <\/div>\n<\/div><div class=\"offbeat-pricing-list-item clearfix offbeat-pli-with-image\">\n            <div class=\"offbeat-pli-image-holder\">\n            <img loading=\"lazy\" decoding=\"async\" width=\"150\" height=\"150\" src=\"https:\/\/poolbar.fi\/wp-content\/uploads\/Screenshot-2024-02-25-at-15.30.30-150x150.png\" class=\"attachment-thumbnail size-thumbnail\" alt=\"\" srcset=\"https:\/\/poolbar.fi\/wp-content\/uploads\/Screenshot-2024-02-25-at-15.30.30-150x150.png 150w, https:\/\/poolbar.fi\/wp-content\/uploads\/Screenshot-2024-02-25-at-15.30.30-550x550.png 550w\" sizes=\"auto, (max-width: 150px) 100vw, 150px\" \/>        <\/div>\n        <div class=\"offbeat-pli-content clearfix\">\n                    <div class=\"offbeat-pli-title-holder\">\n                <h4 itemprop=\"name\" class=\"offbeat-pli-title entry-title\" >\n                    Darts taulut                <\/h4>\n                <div class=\"offbeat-pli-dots\" ><\/div>\n                                    <div class=\"offbeat-pli-price-holder\">\n                        <span class=\"offbeat-pli-price\" >\n                            <span>5\u20ac\/taulu<\/span>\n                        <\/span>\n                    <\/div>\n                            <\/div>\n                <div class=\"offbeat-pli-bottom-content\">\n                    <\/div>\n    <\/div>\n<\/div><div class=\"offbeat-pricing-list-item clearfix offbeat-pli-with-image\">\n            <div class=\"offbeat-pli-image-holder\">\n            <img loading=\"lazy\" decoding=\"async\" width=\"150\" height=\"150\" src=\"https:\/\/poolbar.fi\/wp-content\/uploads\/scolia-150x150.jpg\" class=\"attachment-thumbnail size-thumbnail\" alt=\"\" srcset=\"https:\/\/poolbar.fi\/wp-content\/uploads\/scolia-150x150.jpg 150w, https:\/\/poolbar.fi\/wp-content\/uploads\/scolia-550x550.jpg 550w\" sizes=\"auto, (max-width: 150px) 100vw, 150px\" \/>        <\/div>\n        <div class=\"offbeat-pli-content clearfix\">\n                    <div class=\"offbeat-pli-title-holder\">\n                <h4 itemprop=\"name\" class=\"offbeat-pli-title entry-title\" >\n                    Darts scolia                <\/h4>\n                <div class=\"offbeat-pli-dots\" ><\/div>\n                                    <div class=\"offbeat-pli-price-holder\">\n                        <span class=\"offbeat-pli-price\" >\n                            <span>14\u20ac\/h<\/span>\n                        <\/span>\n                    <\/div>\n                            <\/div>\n                <div class=\"offbeat-pli-bottom-content\">\n                    <\/div>\n    <\/div>\n<\/div><div class=\"offbeat-pricing-list-item clearfix offbeat-pli-with-image\">\n            <div class=\"offbeat-pli-image-holder\">\n            <img loading=\"lazy\" decoding=\"async\" width=\"150\" height=\"129\" src=\"https:\/\/poolbar.fi\/wp-content\/uploads\/2024\/02\/logo_kirjaimet-e1711701298404-150x129.jpg\" class=\"attachment-thumbnail size-thumbnail\" alt=\"\" \/>        <\/div>\n        <div class=\"offbeat-pli-content clearfix\">\n                    <div class=\"offbeat-pli-title-holder\">\n                <h4 itemprop=\"name\" class=\"offbeat-pli-title entry-title\" >\n                    Alennukset *                <\/h4>\n                <div class=\"offbeat-pli-dots\" ><\/div>\n                                    <div class=\"offbeat-pli-price-holder\">\n                        <span class=\"offbeat-pli-price\" >\n                            <span>-10%<\/span>\n                        <\/span>\n                    <\/div>\n                            <\/div>\n                <div class=\"offbeat-pli-bottom-content\">\n                    <\/div>\n    <\/div>\n<\/div>\t<\/div>\n\n\t<\/div>[vc_column_text]* Opiskelijat, varusmiehet ja el\u00e4kel\u00e4iset[\/vc_column_text][vc_empty_space height=&#8221;20px&#8221;][vc_column_text]Maksuv\u00e4linein\u00e4 k\u00e4teinen, maksukortit, Epassi, Smartum ja Edenred[\/vc_column_text][vc_empty_space height=&#8221;60px&#8221;]\t\t<\/div>\n\t<\/div>\n<\/div><\/div>[\/vc_column][\/vc_row]<\/p>\n","protected":false},"excerpt":{"rendered":"<p>[vc_row row_content_width=&#8221;grid&#8221; css=&#8221;.vc_custom_1710700892978{padding-top: 60px !important;}&#8221;][vc_column][vc_empty_space height=&#8221;60px&#8221;][\/vc_column][\/vc_row]<\/p>\n","protected":false},"author":1,"featured_media":0,"parent":0,"menu_order":0,"comment_status":"closed","ping_status":"closed","template":"full-width.php","meta":{"footnotes":""},"class_list":["post-234","page","type-page","status-publish","hentry"],"yoast_head":"<!-- This site is optimized with the Yoast SEO plugin v26.9 - https:\/\/yoast.com\/product\/yoast-seo-wordpress\/ -->\n<title>Hinnasto - Poolbar<\/title>\n<meta name=\"robots\" content=\"index, follow, max-snippet:-1, max-image-preview:large, max-video-preview:-1\" \/>\n<link rel=\"canonical\" href=\"https:\/\/poolbar.fi\/?page_id=234\" \/>\n<meta property=\"og:locale\" content=\"fi_FI\" \/>\n<meta property=\"og:type\" content=\"article\" \/>\n<meta property=\"og:title\" content=\"Hinnasto - Poolbar\" \/>\n<meta property=\"og:description\" content=\"[vc_row row_content_width=&#8221;grid&#8221; css=&#8221;.vc_custom_1710700892978{padding-top: 60px !important;}&#8221;][vc_column][vc_empty_space height=&#8221;60px&#8221;][\/vc_column][\/vc_row]\" \/>\n<meta property=\"og:url\" content=\"https:\/\/poolbar.fi\/?page_id=234\" \/>\n<meta property=\"og:site_name\" content=\"Poolbar\" \/>\n<meta property=\"article:publisher\" content=\"https:\/\/www.facebook.com\/people\/Riihimen-PoolBar\/100063639903631\/\" \/>\n<meta property=\"article:modified_time\" content=\"2026-04-08T22:13:26+00:00\" \/>\n<meta name=\"twitter:card\" content=\"summary_large_image\" \/>\n<meta name=\"twitter:label1\" content=\"Arvioitu lukuaika\" \/>\n\t<meta name=\"twitter:data1\" content=\"2 minuuttia\" \/>\n<script type=\"application\/ld+json\" class=\"yoast-schema-graph\">{\"@context\":\"https:\/\/schema.org\",\"@graph\":[{\"@type\":\"WebPage\",\"@id\":\"https:\/\/poolbar.fi\/?page_id=234\",\"url\":\"https:\/\/poolbar.fi\/?page_id=234\",\"name\":\"Hinnasto - Poolbar\",\"isPartOf\":{\"@id\":\"https:\/\/poolbar.fi\/#website\"},\"datePublished\":\"2018-02-22T14:39:46+00:00\",\"dateModified\":\"2026-04-08T22:13:26+00:00\",\"breadcrumb\":{\"@id\":\"https:\/\/poolbar.fi\/?page_id=234#breadcrumb\"},\"inLanguage\":\"fi\",\"potentialAction\":[{\"@type\":\"ReadAction\",\"target\":[\"https:\/\/poolbar.fi\/?page_id=234\"]}]},{\"@type\":\"BreadcrumbList\",\"@id\":\"https:\/\/poolbar.fi\/?page_id=234#breadcrumb\",\"itemListElement\":[{\"@type\":\"ListItem\",\"position\":1,\"name\":\"Etusivu\",\"item\":\"https:\/\/poolbar.fi\/\"},{\"@type\":\"ListItem\",\"position\":2,\"name\":\"Hinnasto\"}]},{\"@type\":\"WebSite\",\"@id\":\"https:\/\/poolbar.fi\/#website\",\"url\":\"https:\/\/poolbar.fi\/\",\"name\":\"Poolbar\",\"description\":\"Biljardisali kaikille\",\"publisher\":{\"@id\":\"https:\/\/poolbar.fi\/#organization\"},\"potentialAction\":[{\"@type\":\"SearchAction\",\"target\":{\"@type\":\"EntryPoint\",\"urlTemplate\":\"https:\/\/poolbar.fi\/?s={search_term_string}\"},\"query-input\":{\"@type\":\"PropertyValueSpecification\",\"valueRequired\":true,\"valueName\":\"search_term_string\"}}],\"inLanguage\":\"fi\"},{\"@type\":\"Organization\",\"@id\":\"https:\/\/poolbar.fi\/#organization\",\"name\":\"Poolbar\",\"url\":\"https:\/\/poolbar.fi\/\",\"logo\":{\"@type\":\"ImageObject\",\"inLanguage\":\"fi\",\"@id\":\"https:\/\/poolbar.fi\/#\/schema\/logo\/image\/\",\"url\":\"https:\/\/poolbar.fi\/wp-content\/uploads\/Logo_1000_pixel.png\",\"contentUrl\":\"https:\/\/poolbar.fi\/wp-content\/uploads\/Logo_1000_pixel.png\",\"width\":1000,\"height\":1000,\"caption\":\"Poolbar\"},\"image\":{\"@id\":\"https:\/\/poolbar.fi\/#\/schema\/logo\/image\/\"},\"sameAs\":[\"https:\/\/www.facebook.com\/people\/Riihimen-PoolBar\/100063639903631\/\",\"https:\/\/www.instagram.com\/explore\/locations\/287716545\/riihimaen-poolbar\/\"]}]}<\/script>\n<!-- \/ Yoast SEO plugin. -->","yoast_head_json":{"title":"Hinnasto - Poolbar","robots":{"index":"index","follow":"follow","max-snippet":"max-snippet:-1","max-image-preview":"max-image-preview:large","max-video-preview":"max-video-preview:-1"},"canonical":"https:\/\/poolbar.fi\/?page_id=234","og_locale":"fi_FI","og_type":"article","og_title":"Hinnasto - Poolbar","og_description":"[vc_row row_content_width=&#8221;grid&#8221; css=&#8221;.vc_custom_1710700892978{padding-top: 60px !important;}&#8221;][vc_column][vc_empty_space height=&#8221;60px&#8221;][\/vc_column][\/vc_row]","og_url":"https:\/\/poolbar.fi\/?page_id=234","og_site_name":"Poolbar","article_publisher":"https:\/\/www.facebook.com\/people\/Riihimen-PoolBar\/100063639903631\/","article_modified_time":"2026-04-08T22:13:26+00:00","twitter_card":"summary_large_image","twitter_misc":{"Arvioitu lukuaika":"2 minuuttia"},"schema":{"@context":"https:\/\/schema.org","@graph":[{"@type":"WebPage","@id":"https:\/\/poolbar.fi\/?page_id=234","url":"https:\/\/poolbar.fi\/?page_id=234","name":"Hinnasto - Poolbar","isPartOf":{"@id":"https:\/\/poolbar.fi\/#website"},"datePublished":"2018-02-22T14:39:46+00:00","dateModified":"2026-04-08T22:13:26+00:00","breadcrumb":{"@id":"https:\/\/poolbar.fi\/?page_id=234#breadcrumb"},"inLanguage":"fi","potentialAction":[{"@type":"ReadAction","target":["https:\/\/poolbar.fi\/?page_id=234"]}]},{"@type":"BreadcrumbList","@id":"https:\/\/poolbar.fi\/?page_id=234#breadcrumb","itemListElement":[{"@type":"ListItem","position":1,"name":"Etusivu","item":"https:\/\/poolbar.fi\/"},{"@type":"ListItem","position":2,"name":"Hinnasto"}]},{"@type":"WebSite","@id":"https:\/\/poolbar.fi\/#website","url":"https:\/\/poolbar.fi\/","name":"Poolbar","description":"Biljardisali kaikille","publisher":{"@id":"https:\/\/poolbar.fi\/#organization"},"potentialAction":[{"@type":"SearchAction","target":{"@type":"EntryPoint","urlTemplate":"https:\/\/poolbar.fi\/?s={search_term_string}"},"query-input":{"@type":"PropertyValueSpecification","valueRequired":true,"valueName":"search_term_string"}}],"inLanguage":"fi"},{"@type":"Organization","@id":"https:\/\/poolbar.fi\/#organization","name":"Poolbar","url":"https:\/\/poolbar.fi\/","logo":{"@type":"ImageObject","inLanguage":"fi","@id":"https:\/\/poolbar.fi\/#\/schema\/logo\/image\/","url":"https:\/\/poolbar.fi\/wp-content\/uploads\/Logo_1000_pixel.png","contentUrl":"https:\/\/poolbar.fi\/wp-content\/uploads\/Logo_1000_pixel.png","width":1000,"height":1000,"caption":"Poolbar"},"image":{"@id":"https:\/\/poolbar.fi\/#\/schema\/logo\/image\/"},"sameAs":["https:\/\/www.facebook.com\/people\/Riihimen-PoolBar\/100063639903631\/","https:\/\/www.instagram.com\/explore\/locations\/287716545\/riihimaen-poolbar\/"]}]}},"_links":{"self":[{"href":"https:\/\/poolbar.fi\/index.php?rest_route=\/wp\/v2\/pages\/234","targetHints":{"allow":["GET"]}}],"collection":[{"href":"https:\/\/poolbar.fi\/index.php?rest_route=\/wp\/v2\/pages"}],"about":[{"href":"https:\/\/poolbar.fi\/index.php?rest_route=\/wp\/v2\/types\/page"}],"author":[{"embeddable":true,"href":"https:\/\/poolbar.fi\/index.php?rest_route=\/wp\/v2\/users\/1"}],"replies":[{"embeddable":true,"href":"https:\/\/poolbar.fi\/index.php?rest_route=%2Fwp%2Fv2%2Fcomments&post=234"}],"version-history":[{"count":30,"href":"https:\/\/poolbar.fi\/index.php?rest_route=\/wp\/v2\/pages\/234\/revisions"}],"predecessor-version":[{"id":5628,"href":"https:\/\/poolbar.fi\/index.php?rest_route=\/wp\/v2\/pages\/234\/revisions\/5628"}],"wp:attachment":[{"href":"https:\/\/poolbar.fi\/index.php?rest_route=%2Fwp%2Fv2%2Fmedia&parent=234"}],"curies":[{"name":"wp","href":"https:\/\/api.w.org\/{rel}","templated":true}]}}