{"id":4977,"date":"2024-02-27T00:26:31","date_gmt":"2024-02-26T22:26:31","guid":{"rendered":"http:\/\/poolbar.fi\/?page_id=4977"},"modified":"2024-03-29T13:47:10","modified_gmt":"2024-03-29T11:47:10","slug":"seuratoiminta","status":"publish","type":"page","link":"https:\/\/poolbar.fi\/?page_id=4977","title":{"rendered":"Seuratoiminta"},"content":{"rendered":"<p>[vc_row content_placement=&#8221;middle&#8221; row_content_width=&#8221;grid&#8221; css=&#8221;.vc_custom_1710701686576{padding-top: 90px !important;padding-bottom: 73px !important;}&#8221;][vc_column]<div class=\"edgtf-elements-holder   edgtf-two-columns  edgtf-responsive-mode-1024 \" ><div class=\"edgtf-eh-item    \"  data-item-class=\"edgtf-eh-custom-8707\" data-680=\"0 0\">\n\t<div class=\"edgtf-eh-item-inner\">\n\t\t<div class=\"edgtf-eh-item-content edgtf-eh-custom-8707\" >\n\t\t\t<div class=\"edgtf-single-image-holder   \">\n    <div class=\"edgtf-si-inner\" >\n                                    <img loading=\"lazy\" decoding=\"async\" width=\"800\" height=\"531\" src=\"https:\/\/poolbar.fi\/wp-content\/uploads\/Rbs_seurakuva2.png\" class=\"attachment-full size-full\" alt=\"\" srcset=\"https:\/\/poolbar.fi\/wp-content\/uploads\/Rbs_seurakuva2.png 800w, https:\/\/poolbar.fi\/wp-content\/uploads\/Rbs_seurakuva2-300x199.png 300w, https:\/\/poolbar.fi\/wp-content\/uploads\/Rbs_seurakuva2-768x510.png 768w\" sizes=\"auto, (max-width: 800px) 100vw, 800px\" \/>                        <\/div>\n<\/div>[vc_empty_space height=&#8221;60px&#8221;]\t\t<\/div>\n\t<\/div>\n<\/div><div class=\"edgtf-eh-item    \"  data-item-class=\"edgtf-eh-custom-7190\" data-768-1024=\"0% 27% 0% 0%\" data-680-768=\"0% 14% 0% 0%\" data-680=\"0% 0% 0% 0%\">\n\t<div class=\"edgtf-eh-item-inner\">\n\t\t<div class=\"edgtf-eh-item-content edgtf-eh-custom-7190\" style=\"padding: 0% 0% 0% 16%\">\n\t\t\t<div class=\"edgtf-section-title-holder  \" >\n\t<div class=\"edgtf-st-inner\">\n\t\t\t\t\t\t\t<h3 class=\"edgtf-st-title\" >\n\t\t\t\tRBS Riihim\u00e4en biljardiseura<span class=\"edgtf-st-title-dot\">.<\/span>\t\t\t<\/h3>\n\t\t\t\t\t\t\t<p class=\"edgtf-st-text\" style=\"margin-top: 25px\">\n\t\t\t\tRiihim\u00e4en biljardiseura on vuonna 2010 perustettu seura.\t\t\t<\/p>\n\t\t\t\t\t<\/div>\n<\/div>[vc_empty_space height=&#8221;43px&#8221;]<div class=\"edgtf-icon-list-holder \" >\n\t<div class=\"edgtf-il-icon-holder\">\n\t\t<span aria-hidden=\"true\" class=\"edgtf-icon-font-elegant icon_check \" style=\"color: #f45f0b;font-size: 25px\"><\/span>\t<\/div>\n\t<p class=\"edgtf-il-text\" style=\"padding-left: 25px\">Kaikki harrastajat ovat tervetulleita<\/p>\n<\/div><div class=\"edgtf-icon-list-holder \" >\n\t<div class=\"edgtf-il-icon-holder\">\n\t\t<span aria-hidden=\"true\" class=\"edgtf-icon-font-elegant icon_check \" style=\"color: #f45f0b;font-size: 25px\"><\/span>\t<\/div>\n\t<p class=\"edgtf-il-text\" style=\"padding-left: 25px\">Viikkokilpailut<\/p>\n<\/div>[vc_empty_space height=&#8221;20px&#8221;]<a itemprop=\"url\" href=\"https:\/\/www.facebook.com\/profile.php?id=100054305210121\" target=\"_blank\"  class=\"edgtf-btn edgtf-btn-medium edgtf-btn-solid edgtf-btn-orange-black edgtf-btn-icon\"  >\n    <span class=\"edgtf-btn-text\">Lis\u00e4tietoja Facebook-sivuilta<\/span>\n    <i class=\"edgtf-icon-font-awesome fa fa-facebook-official \" ><\/i><\/a>[vc_empty_space height=&#8221;60px&#8221;]\t\t<\/div>\n\t<\/div>\n<\/div><\/div>[vc_separator color=&#8221;orange&#8221; style=&#8221;shadow&#8221; border_width=&#8221;2&#8243; el_width=&#8221;70&#8243; css=&#8221;.vc_custom_1710936527790{padding-top: 30px !important;padding-bottom: 30px !important;}&#8221;][\/vc_column][\/vc_row][vc_row content_placement=&#8221;middle&#8221; row_content_width=&#8221;grid&#8221; css=&#8221;.vc_custom_1710701767213{padding-bottom: 70px !important;}&#8221;][vc_column]<div class=\"edgtf-elements-holder   edgtf-two-columns  edgtf-responsive-mode-1024 \" ><div class=\"edgtf-eh-item   edgtf-horizontal-alignment-center \"  data-item-class=\"edgtf-eh-custom-3647\" data-680=\"0 0\">\n\t<div class=\"edgtf-eh-item-inner\">\n\t\t<div class=\"edgtf-eh-item-content edgtf-eh-custom-3647\" >\n\t\t\t<div class=\"edgtf-single-image-holder   \">\n    <div class=\"edgtf-si-inner\" >\n                                    <img loading=\"lazy\" decoding=\"async\" width=\"800\" height=\"533\" src=\"https:\/\/poolbar.fi\/wp-content\/uploads\/Pooldart_seurakuva2.png\" class=\"attachment-full size-full\" alt=\"\" srcset=\"https:\/\/poolbar.fi\/wp-content\/uploads\/Pooldart_seurakuva2.png 800w, https:\/\/poolbar.fi\/wp-content\/uploads\/Pooldart_seurakuva2-300x200.png 300w, https:\/\/poolbar.fi\/wp-content\/uploads\/Pooldart_seurakuva2-768x512.png 768w\" sizes=\"auto, (max-width: 800px) 100vw, 800px\" \/>                        <\/div>\n<\/div>[vc_empty_space height=&#8221;60px&#8221;]\t\t<\/div>\n\t<\/div>\n<\/div><div class=\"edgtf-eh-item    \"  data-item-class=\"edgtf-eh-custom-8204\" data-768-1024=\"0% 27% 0% 0%\" data-680-768=\"0% 14% 0% 0%\" data-680=\"0% 0% 0% 0%\">\n\t<div class=\"edgtf-eh-item-inner\">\n\t\t<div class=\"edgtf-eh-item-content edgtf-eh-custom-8204\" style=\"padding: 0% 0% 0% 16%\">\n\t\t\t<div class=\"edgtf-section-title-holder  \" >\n\t<div class=\"edgtf-st-inner\">\n\t\t\t\t\t\t\t<h3 class=\"edgtf-st-title\" >\n\t\t\t\tPooldarts<span class=\"edgtf-st-title-dot\">.<\/span>\t\t\t<\/h3>\n\t\t\t\t\t\t\t<p class=\"edgtf-st-text\" style=\"margin-top: 25px\">\n\t\t\t\tPooldarts on toiminut vuodesta 2012. Seura j\u00e4rjest\u00e4\u00e4 kisoja viikottain kaikentasoisille pelaajille sek\u00e4 keskisuuria turnauksia muutaman kerran vuodessa.<br \/>\nSeuran pelaajat osallistuvat joukkueina vuosittain Suomen Dartsliiton j\u00e4rjest\u00e4m\u00e4\u00e4n liigaan.\t\t\t<\/p>\n\t\t\t\t\t<\/div>\n<\/div>[vc_empty_space height=&#8221;43px&#8221;]<div class=\"edgtf-icon-list-holder \" >\n\t<div class=\"edgtf-il-icon-holder\">\n\t\t<span aria-hidden=\"true\" class=\"edgtf-icon-font-elegant icon_check \" style=\"color: #f45f0b;font-size: 25px\"><\/span>\t<\/div>\n\t<p class=\"edgtf-il-text\" style=\"padding-left: 25px\">Kaikille avoimet kisat viikottain<\/p>\n<\/div><div class=\"edgtf-icon-list-holder \" >\n\t<div class=\"edgtf-il-icon-holder\">\n\t\t<span aria-hidden=\"true\" class=\"edgtf-icon-font-elegant icon_check \" style=\"color: #f45f0b;font-size: 25px\"><\/span>\t<\/div>\n\t<p class=\"edgtf-il-text\" style=\"padding-left: 25px\">Uusille ja v\u00e4hemm\u00e4n pelanneille kisat viikottain<\/p>\n<\/div><div class=\"edgtf-icon-list-holder \" >\n\t<div class=\"edgtf-il-icon-holder\">\n\t\t<span aria-hidden=\"true\" class=\"edgtf-icon-font-elegant icon_check \" style=\"color: #f45f0b;font-size: 25px\"><\/span>\t<\/div>\n\t<p class=\"edgtf-il-text\" style=\"padding-left: 25px\">PoolBar Open-turnaukset<\/p>\n<\/div>[vc_empty_space height=&#8221;20px&#8221;]<a itemprop=\"url\" href=\"https:\/\/pooldarts.sporttisaitti.com\" target=\"_blank\"  class=\"edgtf-btn edgtf-btn-medium edgtf-btn-solid edgtf-btn-orange-black\"  >\n    <span class=\"edgtf-btn-text\">Lis\u00e4tietoja seuran verkkosivuilta<\/span>\n    <i class=\"edgtf-icon-font-awesome fa  \" ><\/i><\/a>[vc_empty_space height=&#8221;60px&#8221;]\t\t<\/div>\n\t<\/div>\n<\/div><\/div>[\/vc_column][\/vc_row]<\/p>\n","protected":false},"excerpt":{"rendered":"<p>[vc_row content_placement=&#8221;middle&#8221; row_content_width=&#8221;grid&#8221; css=&#8221;.vc_custom_1710701686576{padding-top: 90px !important;padding-bottom: 73px !important;}&#8221;][vc_column][vc_separator color=&#8221;orange&#8221; style=&#8221;shadow&#8221; border_width=&#8221;2&#8243; el_width=&#8221;70&#8243; css=&#8221;.vc_custom_1710936527790{padding-top: 30px !important;padding-bottom: 30px !important;}&#8221;][\/vc_column][\/vc_row][vc_row content_placement=&#8221;middle&#8221; row_content_width=&#8221;grid&#8221; css=&#8221;.vc_custom_1710701767213{padding-bottom: 70px !important;}&#8221;][vc_column][\/vc_column][\/vc_row]<\/p>\n","protected":false},"author":1,"featured_media":0,"parent":0,"menu_order":0,"comment_status":"closed","ping_status":"closed","template":"full-width.php","meta":{"footnotes":""},"class_list":["post-4977","page","type-page","status-publish","hentry"],"yoast_head":"<!-- This site is optimized with the Yoast SEO plugin v26.9 - https:\/\/yoast.com\/product\/yoast-seo-wordpress\/ -->\n<title>Seuratoiminta - Poolbar<\/title>\n<meta name=\"robots\" content=\"index, follow, max-snippet:-1, max-image-preview:large, max-video-preview:-1\" \/>\n<link rel=\"canonical\" href=\"https:\/\/poolbar.fi\/?page_id=4977\" \/>\n<meta property=\"og:locale\" content=\"fi_FI\" \/>\n<meta property=\"og:type\" content=\"article\" \/>\n<meta property=\"og:title\" content=\"Seuratoiminta - Poolbar\" \/>\n<meta property=\"og:description\" content=\"[vc_row content_placement=&#8221;middle&#8221; row_content_width=&#8221;grid&#8221; css=&#8221;.vc_custom_1710701686576{padding-top: 90px !important;padding-bottom: 73px !important;}&#8221;][vc_column][vc_separator color=&#8221;orange&#8221; style=&#8221;shadow&#8221; border_width=&#8221;2&#8243; el_width=&#8221;70&#8243; css=&#8221;.vc_custom_1710936527790{padding-top: 30px !important;padding-bottom: 30px !important;}&#8221;][\/vc_column][\/vc_row][vc_row content_placement=&#8221;middle&#8221; row_content_width=&#8221;grid&#8221; css=&#8221;.vc_custom_1710701767213{padding-bottom: 70px !important;}&#8221;][vc_column][\/vc_column][\/vc_row]\" \/>\n<meta property=\"og:url\" content=\"https:\/\/poolbar.fi\/?page_id=4977\" \/>\n<meta property=\"og:site_name\" content=\"Poolbar\" \/>\n<meta property=\"article:publisher\" content=\"https:\/\/www.facebook.com\/people\/Riihimen-PoolBar\/100063639903631\/\" \/>\n<meta property=\"article:modified_time\" content=\"2024-03-29T11:47:10+00:00\" \/>\n<meta name=\"twitter:card\" content=\"summary_large_image\" \/>\n<meta name=\"twitter:label1\" content=\"Arvioitu lukuaika\" \/>\n\t<meta name=\"twitter:data1\" content=\"2 minuuttia\" \/>\n<script type=\"application\/ld+json\" class=\"yoast-schema-graph\">{\"@context\":\"https:\/\/schema.org\",\"@graph\":[{\"@type\":\"WebPage\",\"@id\":\"https:\/\/poolbar.fi\/?page_id=4977\",\"url\":\"https:\/\/poolbar.fi\/?page_id=4977\",\"name\":\"Seuratoiminta - Poolbar\",\"isPartOf\":{\"@id\":\"https:\/\/poolbar.fi\/#website\"},\"datePublished\":\"2024-02-26T22:26:31+00:00\",\"dateModified\":\"2024-03-29T11:47:10+00:00\",\"breadcrumb\":{\"@id\":\"https:\/\/poolbar.fi\/?page_id=4977#breadcrumb\"},\"inLanguage\":\"fi\",\"potentialAction\":[{\"@type\":\"ReadAction\",\"target\":[\"https:\/\/poolbar.fi\/?page_id=4977\"]}]},{\"@type\":\"BreadcrumbList\",\"@id\":\"https:\/\/poolbar.fi\/?page_id=4977#breadcrumb\",\"itemListElement\":[{\"@type\":\"ListItem\",\"position\":1,\"name\":\"Etusivu\",\"item\":\"https:\/\/poolbar.fi\/\"},{\"@type\":\"ListItem\",\"position\":2,\"name\":\"Seuratoiminta\"}]},{\"@type\":\"WebSite\",\"@id\":\"https:\/\/poolbar.fi\/#website\",\"url\":\"https:\/\/poolbar.fi\/\",\"name\":\"Poolbar\",\"description\":\"Biljardisali kaikille\",\"publisher\":{\"@id\":\"https:\/\/poolbar.fi\/#organization\"},\"potentialAction\":[{\"@type\":\"SearchAction\",\"target\":{\"@type\":\"EntryPoint\",\"urlTemplate\":\"https:\/\/poolbar.fi\/?s={search_term_string}\"},\"query-input\":{\"@type\":\"PropertyValueSpecification\",\"valueRequired\":true,\"valueName\":\"search_term_string\"}}],\"inLanguage\":\"fi\"},{\"@type\":\"Organization\",\"@id\":\"https:\/\/poolbar.fi\/#organization\",\"name\":\"Poolbar\",\"url\":\"https:\/\/poolbar.fi\/\",\"logo\":{\"@type\":\"ImageObject\",\"inLanguage\":\"fi\",\"@id\":\"https:\/\/poolbar.fi\/#\/schema\/logo\/image\/\",\"url\":\"https:\/\/poolbar.fi\/wp-content\/uploads\/Logo_1000_pixel.png\",\"contentUrl\":\"https:\/\/poolbar.fi\/wp-content\/uploads\/Logo_1000_pixel.png\",\"width\":1000,\"height\":1000,\"caption\":\"Poolbar\"},\"image\":{\"@id\":\"https:\/\/poolbar.fi\/#\/schema\/logo\/image\/\"},\"sameAs\":[\"https:\/\/www.facebook.com\/people\/Riihimen-PoolBar\/100063639903631\/\",\"https:\/\/www.instagram.com\/explore\/locations\/287716545\/riihimaen-poolbar\/\"]}]}<\/script>\n<!-- \/ Yoast SEO plugin. -->","yoast_head_json":{"title":"Seuratoiminta - Poolbar","robots":{"index":"index","follow":"follow","max-snippet":"max-snippet:-1","max-image-preview":"max-image-preview:large","max-video-preview":"max-video-preview:-1"},"canonical":"https:\/\/poolbar.fi\/?page_id=4977","og_locale":"fi_FI","og_type":"article","og_title":"Seuratoiminta - Poolbar","og_description":"[vc_row content_placement=&#8221;middle&#8221; row_content_width=&#8221;grid&#8221; css=&#8221;.vc_custom_1710701686576{padding-top: 90px !important;padding-bottom: 73px !important;}&#8221;][vc_column][vc_separator color=&#8221;orange&#8221; style=&#8221;shadow&#8221; border_width=&#8221;2&#8243; el_width=&#8221;70&#8243; css=&#8221;.vc_custom_1710936527790{padding-top: 30px !important;padding-bottom: 30px !important;}&#8221;][\/vc_column][\/vc_row][vc_row content_placement=&#8221;middle&#8221; row_content_width=&#8221;grid&#8221; css=&#8221;.vc_custom_1710701767213{padding-bottom: 70px !important;}&#8221;][vc_column][\/vc_column][\/vc_row]","og_url":"https:\/\/poolbar.fi\/?page_id=4977","og_site_name":"Poolbar","article_publisher":"https:\/\/www.facebook.com\/people\/Riihimen-PoolBar\/100063639903631\/","article_modified_time":"2024-03-29T11:47:10+00:00","twitter_card":"summary_large_image","twitter_misc":{"Arvioitu lukuaika":"2 minuuttia"},"schema":{"@context":"https:\/\/schema.org","@graph":[{"@type":"WebPage","@id":"https:\/\/poolbar.fi\/?page_id=4977","url":"https:\/\/poolbar.fi\/?page_id=4977","name":"Seuratoiminta - Poolbar","isPartOf":{"@id":"https:\/\/poolbar.fi\/#website"},"datePublished":"2024-02-26T22:26:31+00:00","dateModified":"2024-03-29T11:47:10+00:00","breadcrumb":{"@id":"https:\/\/poolbar.fi\/?page_id=4977#breadcrumb"},"inLanguage":"fi","potentialAction":[{"@type":"ReadAction","target":["https:\/\/poolbar.fi\/?page_id=4977"]}]},{"@type":"BreadcrumbList","@id":"https:\/\/poolbar.fi\/?page_id=4977#breadcrumb","itemListElement":[{"@type":"ListItem","position":1,"name":"Etusivu","item":"https:\/\/poolbar.fi\/"},{"@type":"ListItem","position":2,"name":"Seuratoiminta"}]},{"@type":"WebSite","@id":"https:\/\/poolbar.fi\/#website","url":"https:\/\/poolbar.fi\/","name":"Poolbar","description":"Biljardisali kaikille","publisher":{"@id":"https:\/\/poolbar.fi\/#organization"},"potentialAction":[{"@type":"SearchAction","target":{"@type":"EntryPoint","urlTemplate":"https:\/\/poolbar.fi\/?s={search_term_string}"},"query-input":{"@type":"PropertyValueSpecification","valueRequired":true,"valueName":"search_term_string"}}],"inLanguage":"fi"},{"@type":"Organization","@id":"https:\/\/poolbar.fi\/#organization","name":"Poolbar","url":"https:\/\/poolbar.fi\/","logo":{"@type":"ImageObject","inLanguage":"fi","@id":"https:\/\/poolbar.fi\/#\/schema\/logo\/image\/","url":"https:\/\/poolbar.fi\/wp-content\/uploads\/Logo_1000_pixel.png","contentUrl":"https:\/\/poolbar.fi\/wp-content\/uploads\/Logo_1000_pixel.png","width":1000,"height":1000,"caption":"Poolbar"},"image":{"@id":"https:\/\/poolbar.fi\/#\/schema\/logo\/image\/"},"sameAs":["https:\/\/www.facebook.com\/people\/Riihimen-PoolBar\/100063639903631\/","https:\/\/www.instagram.com\/explore\/locations\/287716545\/riihimaen-poolbar\/"]}]}},"_links":{"self":[{"href":"https:\/\/poolbar.fi\/index.php?rest_route=\/wp\/v2\/pages\/4977","targetHints":{"allow":["GET"]}}],"collection":[{"href":"https:\/\/poolbar.fi\/index.php?rest_route=\/wp\/v2\/pages"}],"about":[{"href":"https:\/\/poolbar.fi\/index.php?rest_route=\/wp\/v2\/types\/page"}],"author":[{"embeddable":true,"href":"https:\/\/poolbar.fi\/index.php?rest_route=\/wp\/v2\/users\/1"}],"replies":[{"embeddable":true,"href":"https:\/\/poolbar.fi\/index.php?rest_route=%2Fwp%2Fv2%2Fcomments&post=4977"}],"version-history":[{"count":57,"href":"https:\/\/poolbar.fi\/index.php?rest_route=\/wp\/v2\/pages\/4977\/revisions"}],"predecessor-version":[{"id":5607,"href":"https:\/\/poolbar.fi\/index.php?rest_route=\/wp\/v2\/pages\/4977\/revisions\/5607"}],"wp:attachment":[{"href":"https:\/\/poolbar.fi\/index.php?rest_route=%2Fwp%2Fv2%2Fmedia&parent=4977"}],"curies":[{"name":"wp","href":"https:\/\/api.w.org\/{rel}","templated":true}]}}