{"id":502,"date":"2018-02-26T10:44:17","date_gmt":"2018-02-26T10:44:17","guid":{"rendered":"http:\/\/offbeat.edge-themes.com\/?page_id=502"},"modified":"2024-03-29T13:57:11","modified_gmt":"2024-03-29T11:57:11","slug":"parallax-showcase","status":"publish","type":"page","link":"https:\/\/poolbar.fi\/","title":{"rendered":"Tervetuloa"},"content":{"rendered":"<p>[vc_row content_placement=&#8221;middle&#8221; content_text_aligment=&#8221;right&#8221; css=&#8221;.vc_custom_1710143802899{padding-bottom: 20px !important;}&#8221;][vc_column parallax=&#8221;content-moving&#8221; parallax_image=&#8221;5215&#8243;]<div class=\"edgtf-elements-holder   edgtf-one-column  edgtf-responsive-mode-768 edgtf-one-column-alignment-center\" ><div class=\"edgtf-eh-item   edgtf-horizontal-alignment-right \"  data-item-class=\"edgtf-eh-custom-5108\" data-animation-delay=\"10\" data-1280-1600=\"10% 140px 12% 0%\" data-1024-1280=\"12% 11% 14% 0%\" data-768-1024=\"9% 75px 12% 0%\" data-680-768=\"12% 75px 15% 0%\" data-680=\"20% 5% 43% 0%\">\n\t<div class=\"edgtf-eh-item-inner\">\n\t\t<div class=\"edgtf-eh-item-content edgtf-eh-custom-5108\" style=\"padding: 11% 11% 12% 0%\">\n\t\t\t<a itemprop=\"url\" href=\"https:\/\/poolbar.fi\/?page_id=919\" target=\"_self\"  class=\"edgtf-btn edgtf-btn-medium edgtf-btn-solid edgtf-btn-orange-white\"  >\n    <span class=\"edgtf-btn-text\">Astu sis\u00e4\u00e4n<\/span>\n    <\/a>[vc_empty_space]<h1 class=\"edgtf-custom-font-holder  edgtf-cf-4553  \" style=\"font-family: Oswald;font-size: 90px;line-height: 110px;font-weight: 600;text-align: right\" data-item-class=\"edgtf-cf-4553\" data-font-size-1366=\"70px\" data-font-size-1024=\"65px\" data-font-size-768=\"65px\" data-font-size-680=\"40px\" data-line-height-1366=\"90px\" data-line-height-1024=\"85px\" data-line-height-768=\"85px\" data-line-height-680=\"53px\">\n\tBiljardisali<br \/> kaikille<\/h1>\t\t<\/div>\n\t<\/div>\n<\/div><\/div>[\/vc_column][\/vc_row][vc_row gap=&#8221;2&#8243; content_placement=&#8221;middle&#8221; content_text_aligment=&#8221;left&#8221; parallax_background_image=&#8221;4902&#8243;][vc_column parallax=&#8221;content-moving&#8221; parallax_image=&#8221;4901&#8243;]<div class=\"edgtf-elements-holder   edgtf-one-column  edgtf-responsive-mode-768 \" ><div class=\"edgtf-eh-item    \"  data-item-class=\"edgtf-eh-custom-3948\" data-1280-1600=\"10% 0% 12% 140px\" data-1024-1280=\"12% 0% 14% 11%\" data-768-1024=\"9% 0% 12% 75px\" data-680-768=\"12% 0% 15% 75px\" data-680=\"39% 0% 41% 5%\">\n\t<div class=\"edgtf-eh-item-inner\">\n\t\t<div class=\"edgtf-eh-item-content edgtf-eh-custom-3948\" style=\"padding: 0% 0% 12% 11%\">\n\t\t\t[vc_empty_space]<h2 class=\"edgtf-custom-font-holder  edgtf-cf-8170  \" style=\"font-family: Oswald;font-size: 90px;line-height: 110px;font-weight: 700;text-transform: uppercase\" data-item-class=\"edgtf-cf-8170\" data-font-size-1366=\"70px\" data-font-size-1024=\"65px\" data-font-size-768=\"65px\" data-font-size-680=\"40px\" data-line-height-1366=\"90px\" data-line-height-1024=\"85px\" data-line-height-768=\"85px\" data-line-height-680=\"53px\">\n\tDarts taulut<br \/> ja v\u00e4lineet<\/h2>\t\t<\/div>\n\t<\/div>\n<\/div><\/div>[\/vc_column][\/vc_row][vc_row content_placement=&#8221;middle&#8221; parallax=&#8221;content-moving&#8221; content_text_aligment=&#8221;right&#8221;][vc_column parallax=&#8221;content-moving&#8221; parallax_image=&#8221;4895&#8243;]<div class=\"edgtf-elements-holder   edgtf-one-column  edgtf-responsive-mode-768 \" ><div class=\"edgtf-eh-item    \"  data-item-class=\"edgtf-eh-custom-1651\" data-1280-1600=\"10% 140px 12% 0%\" data-1024-1280=\"12% 11% 14% 0%\" data-768-1024=\"9% 75px 12% 0%\" data-680-768=\"12% 75px 15% 0%\" data-680=\"39% 5% 43% 0%\">\n\t<div class=\"edgtf-eh-item-inner\">\n\t\t<div class=\"edgtf-eh-item-content edgtf-eh-custom-1651\" style=\"padding: 11% 11% 12% 0%\">\n\t\t\t<h2 class=\"edgtf-custom-font-holder  edgtf-cf-1195  \" style=\"font-family: Oswald;font-size: 90px;line-height: 110px;font-weight: 700\" data-item-class=\"edgtf-cf-1195\" data-font-size-1366=\"70px\" data-font-size-1024=\"65px\" data-font-size-768=\"65px\" data-font-size-680=\"40px\" data-line-height-1366=\"90px\" data-line-height-1024=\"85px\" data-line-height-768=\"85px\" data-line-height-680=\"53px\">\n\tKaikille<br \/> avoimet viikkokisat<\/h2>[vc_empty_space height=&#8221;27px&#8221;][vc_empty_space height=&#8221;27px&#8221;]<a itemprop=\"url\" href=\"https:\/\/poolbar.fi\/?page_id=5324\" target=\"_self\"  class=\"edgtf-btn edgtf-btn-medium edgtf-btn-solid edgtf-btn-orange-white\"  >\n    <span class=\"edgtf-btn-text\">Aiheesta lis\u00e4\u00e4<\/span>\n    <\/a>\t\t<\/div>\n\t<\/div>\n<\/div><\/div>[\/vc_column][\/vc_row][vc_row gap=&#8221;2&#8243; content_placement=&#8221;middle&#8221; content_text_aligment=&#8221;left&#8221; parallax_background_image=&#8221;3847&#8243;][vc_column parallax=&#8221;content-moving&#8221; parallax_image=&#8221;4913&#8243;]<div class=\"edgtf-elements-holder   edgtf-one-column  edgtf-responsive-mode-768 \" ><div class=\"edgtf-eh-item    \"  data-item-class=\"edgtf-eh-custom-3111\" data-1280-1600=\"10% 0% 12% 140px\" data-1024-1280=\"12% 0% 14% 11%\" data-768-1024=\"9% 0% 12% 75px\" data-680-768=\"12% 0% 15% 75px\" data-680=\"39% 0% 41% 5%\">\n\t<div class=\"edgtf-eh-item-inner\">\n\t\t<div class=\"edgtf-eh-item-content edgtf-eh-custom-3111\" style=\"padding: 11% 0% 12% 11%\">\n\t\t\t<h2 class=\"edgtf-custom-font-holder  edgtf-cf-2195  \" style=\"font-family: Oswald;font-size: 90px;line-height: 110px;font-weight: 700;text-transform: uppercase\" data-item-class=\"edgtf-cf-2195\" data-font-size-1366=\"70px\" data-font-size-1024=\"65px\" data-font-size-768=\"65px\" data-font-size-680=\"40px\" data-line-height-1366=\"90px\" data-line-height-1024=\"85px\" data-line-height-768=\"85px\" data-line-height-680=\"53px\">\n\tJ\u00e4rjest\u00e4 oma<br \/> tilaisuus<\/h2>[vc_empty_space height=&#8221;27px&#8221;]<a itemprop=\"url\" href=\"https:\/\/poolbar.fi\/?page_id=1492\" target=\"_self\"  class=\"edgtf-btn edgtf-btn-medium edgtf-btn-solid edgtf-btn-orange-white\"  >\n    <span class=\"edgtf-btn-text\">Ota yhteytt\u00e4<\/span>\n    <\/a>\t\t<\/div>\n\t<\/div>\n<\/div><\/div>[\/vc_column][\/vc_row]<\/p>\n","protected":false},"excerpt":{"rendered":"<p>[vc_row content_placement=&#8221;middle&#8221; content_text_aligment=&#8221;right&#8221; css=&#8221;.vc_custom_1710143802899{padding-bottom: 20px !important;}&#8221;][vc_column parallax=&#8221;content-moving&#8221; parallax_image=&#8221;5215&#8243;][\/vc_column][\/vc_row][vc_row gap=&#8221;2&#8243; content_placement=&#8221;middle&#8221; content_text_aligment=&#8221;left&#8221; parallax_background_image=&#8221;4902&#8243;][vc_column parallax=&#8221;content-moving&#8221; parallax_image=&#8221;4901&#8243;][\/vc_column][\/vc_row][vc_row content_placement=&#8221;middle&#8221; parallax=&#8221;content-moving&#8221; content_text_aligment=&#8221;right&#8221;][vc_column parallax=&#8221;content-moving&#8221; parallax_image=&#8221;4895&#8243;][\/vc_column][\/vc_row][vc_row gap=&#8221;2&#8243; content_placement=&#8221;middle&#8221; content_text_aligment=&#8221;left&#8221; parallax_background_image=&#8221;3847&#8243;][vc_column parallax=&#8221;content-moving&#8221; parallax_image=&#8221;4913&#8243;][\/vc_column][\/vc_row]<\/p>\n","protected":false},"author":1,"featured_media":0,"parent":0,"menu_order":0,"comment_status":"closed","ping_status":"closed","template":"full-width.php","meta":{"footnotes":""},"class_list":["post-502","page","type-page","status-publish","hentry"],"yoast_head":"<!-- This site is optimized with the Yoast SEO plugin v26.9 - https:\/\/yoast.com\/product\/yoast-seo-wordpress\/ -->\n<title>Tervetuloa - Poolbar<\/title>\n<meta name=\"description\" content=\"Poolbar on alueen viihtyisin biljardisali. Paikka ker\u00e4\u00e4 viikottain biliksen ja dartsin yst\u00e4v\u00e4t pelaamaan, kisailemaan, sek\u00e4 viett\u00e4m\u00e4\u00e4n laatuaikaa yhdess\u00e4. Meille on kaikki tervetulleita ik\u00e4\u00e4n tai koko katsomatta.Seuraa ajankohtaisia tapahtumiamme my\u00f6s somessa.\" \/>\n<meta name=\"robots\" content=\"index, follow, max-snippet:-1, max-image-preview:large, max-video-preview:-1\" \/>\n<link rel=\"canonical\" href=\"https:\/\/poolbar.fi\/\" \/>\n<meta property=\"og:locale\" content=\"fi_FI\" \/>\n<meta property=\"og:type\" content=\"article\" \/>\n<meta property=\"og:title\" content=\"Tervetuloa - Poolbar\" \/>\n<meta property=\"og:description\" content=\"Poolbar on alueen viihtyisin biljardisali. Paikka ker\u00e4\u00e4 viikottain biliksen ja dartsin yst\u00e4v\u00e4t pelaamaan, kisailemaan, sek\u00e4 viett\u00e4m\u00e4\u00e4n laatuaikaa yhdess\u00e4. Meille on kaikki tervetulleita ik\u00e4\u00e4n tai koko katsomatta.Seuraa ajankohtaisia tapahtumiamme my\u00f6s somessa.\" \/>\n<meta property=\"og:url\" content=\"https:\/\/poolbar.fi\/\" \/>\n<meta property=\"og:site_name\" content=\"Poolbar\" \/>\n<meta property=\"article:publisher\" content=\"https:\/\/www.facebook.com\/people\/Riihimen-PoolBar\/100063639903631\/\" \/>\n<meta property=\"article:modified_time\" content=\"2024-03-29T11:57:11+00:00\" \/>\n<meta name=\"twitter:card\" content=\"summary_large_image\" \/>\n<meta name=\"twitter:label1\" content=\"Arvioitu lukuaika\" \/>\n\t<meta name=\"twitter:data1\" content=\"2 minuuttia\" \/>\n<script type=\"application\/ld+json\" class=\"yoast-schema-graph\">{\"@context\":\"https:\/\/schema.org\",\"@graph\":[{\"@type\":\"WebPage\",\"@id\":\"https:\/\/poolbar.fi\/\",\"url\":\"https:\/\/poolbar.fi\/\",\"name\":\"Tervetuloa - Poolbar\",\"isPartOf\":{\"@id\":\"https:\/\/poolbar.fi\/#website\"},\"datePublished\":\"2018-02-26T10:44:17+00:00\",\"dateModified\":\"2024-03-29T11:57:11+00:00\",\"description\":\"Poolbar on alueen viihtyisin biljardisali. Paikka ker\u00e4\u00e4 viikottain biliksen ja dartsin yst\u00e4v\u00e4t pelaamaan, kisailemaan, sek\u00e4 viett\u00e4m\u00e4\u00e4n laatuaikaa yhdess\u00e4. Meille on kaikki tervetulleita ik\u00e4\u00e4n tai koko katsomatta.Seuraa ajankohtaisia tapahtumiamme my\u00f6s somessa.\",\"breadcrumb\":{\"@id\":\"https:\/\/poolbar.fi\/#breadcrumb\"},\"inLanguage\":\"fi\",\"potentialAction\":[{\"@type\":\"ReadAction\",\"target\":[\"https:\/\/poolbar.fi\/\"]}]},{\"@type\":\"BreadcrumbList\",\"@id\":\"https:\/\/poolbar.fi\/#breadcrumb\",\"itemListElement\":[{\"@type\":\"ListItem\",\"position\":1,\"name\":\"Etusivu\",\"item\":\"https:\/\/poolbar.fi\/\"},{\"@type\":\"ListItem\",\"position\":2,\"name\":\"Tervetuloa\"}]},{\"@type\":\"WebSite\",\"@id\":\"https:\/\/poolbar.fi\/#website\",\"url\":\"https:\/\/poolbar.fi\/\",\"name\":\"Poolbar\",\"description\":\"Biljardisali kaikille\",\"publisher\":{\"@id\":\"https:\/\/poolbar.fi\/#organization\"},\"potentialAction\":[{\"@type\":\"SearchAction\",\"target\":{\"@type\":\"EntryPoint\",\"urlTemplate\":\"https:\/\/poolbar.fi\/?s={search_term_string}\"},\"query-input\":{\"@type\":\"PropertyValueSpecification\",\"valueRequired\":true,\"valueName\":\"search_term_string\"}}],\"inLanguage\":\"fi\"},{\"@type\":\"Organization\",\"@id\":\"https:\/\/poolbar.fi\/#organization\",\"name\":\"Poolbar\",\"url\":\"https:\/\/poolbar.fi\/\",\"logo\":{\"@type\":\"ImageObject\",\"inLanguage\":\"fi\",\"@id\":\"https:\/\/poolbar.fi\/#\/schema\/logo\/image\/\",\"url\":\"https:\/\/poolbar.fi\/wp-content\/uploads\/Logo_1000_pixel.png\",\"contentUrl\":\"https:\/\/poolbar.fi\/wp-content\/uploads\/Logo_1000_pixel.png\",\"width\":1000,\"height\":1000,\"caption\":\"Poolbar\"},\"image\":{\"@id\":\"https:\/\/poolbar.fi\/#\/schema\/logo\/image\/\"},\"sameAs\":[\"https:\/\/www.facebook.com\/people\/Riihimen-PoolBar\/100063639903631\/\",\"https:\/\/www.instagram.com\/explore\/locations\/287716545\/riihimaen-poolbar\/\"]}]}<\/script>\n<!-- \/ Yoast SEO plugin. -->","yoast_head_json":{"title":"Tervetuloa - Poolbar","description":"Poolbar on alueen viihtyisin biljardisali. Paikka ker\u00e4\u00e4 viikottain biliksen ja dartsin yst\u00e4v\u00e4t pelaamaan, kisailemaan, sek\u00e4 viett\u00e4m\u00e4\u00e4n laatuaikaa yhdess\u00e4. Meille on kaikki tervetulleita ik\u00e4\u00e4n tai koko katsomatta.Seuraa ajankohtaisia tapahtumiamme my\u00f6s somessa.","robots":{"index":"index","follow":"follow","max-snippet":"max-snippet:-1","max-image-preview":"max-image-preview:large","max-video-preview":"max-video-preview:-1"},"canonical":"https:\/\/poolbar.fi\/","og_locale":"fi_FI","og_type":"article","og_title":"Tervetuloa - Poolbar","og_description":"Poolbar on alueen viihtyisin biljardisali. Paikka ker\u00e4\u00e4 viikottain biliksen ja dartsin yst\u00e4v\u00e4t pelaamaan, kisailemaan, sek\u00e4 viett\u00e4m\u00e4\u00e4n laatuaikaa yhdess\u00e4. Meille on kaikki tervetulleita ik\u00e4\u00e4n tai koko katsomatta.Seuraa ajankohtaisia tapahtumiamme my\u00f6s somessa.","og_url":"https:\/\/poolbar.fi\/","og_site_name":"Poolbar","article_publisher":"https:\/\/www.facebook.com\/people\/Riihimen-PoolBar\/100063639903631\/","article_modified_time":"2024-03-29T11:57:11+00:00","twitter_card":"summary_large_image","twitter_misc":{"Arvioitu lukuaika":"2 minuuttia"},"schema":{"@context":"https:\/\/schema.org","@graph":[{"@type":"WebPage","@id":"https:\/\/poolbar.fi\/","url":"https:\/\/poolbar.fi\/","name":"Tervetuloa - Poolbar","isPartOf":{"@id":"https:\/\/poolbar.fi\/#website"},"datePublished":"2018-02-26T10:44:17+00:00","dateModified":"2024-03-29T11:57:11+00:00","description":"Poolbar on alueen viihtyisin biljardisali. Paikka ker\u00e4\u00e4 viikottain biliksen ja dartsin yst\u00e4v\u00e4t pelaamaan, kisailemaan, sek\u00e4 viett\u00e4m\u00e4\u00e4n laatuaikaa yhdess\u00e4. Meille on kaikki tervetulleita ik\u00e4\u00e4n tai koko katsomatta.Seuraa ajankohtaisia tapahtumiamme my\u00f6s somessa.","breadcrumb":{"@id":"https:\/\/poolbar.fi\/#breadcrumb"},"inLanguage":"fi","potentialAction":[{"@type":"ReadAction","target":["https:\/\/poolbar.fi\/"]}]},{"@type":"BreadcrumbList","@id":"https:\/\/poolbar.fi\/#breadcrumb","itemListElement":[{"@type":"ListItem","position":1,"name":"Etusivu","item":"https:\/\/poolbar.fi\/"},{"@type":"ListItem","position":2,"name":"Tervetuloa"}]},{"@type":"WebSite","@id":"https:\/\/poolbar.fi\/#website","url":"https:\/\/poolbar.fi\/","name":"Poolbar","description":"Biljardisali kaikille","publisher":{"@id":"https:\/\/poolbar.fi\/#organization"},"potentialAction":[{"@type":"SearchAction","target":{"@type":"EntryPoint","urlTemplate":"https:\/\/poolbar.fi\/?s={search_term_string}"},"query-input":{"@type":"PropertyValueSpecification","valueRequired":true,"valueName":"search_term_string"}}],"inLanguage":"fi"},{"@type":"Organization","@id":"https:\/\/poolbar.fi\/#organization","name":"Poolbar","url":"https:\/\/poolbar.fi\/","logo":{"@type":"ImageObject","inLanguage":"fi","@id":"https:\/\/poolbar.fi\/#\/schema\/logo\/image\/","url":"https:\/\/poolbar.fi\/wp-content\/uploads\/Logo_1000_pixel.png","contentUrl":"https:\/\/poolbar.fi\/wp-content\/uploads\/Logo_1000_pixel.png","width":1000,"height":1000,"caption":"Poolbar"},"image":{"@id":"https:\/\/poolbar.fi\/#\/schema\/logo\/image\/"},"sameAs":["https:\/\/www.facebook.com\/people\/Riihimen-PoolBar\/100063639903631\/","https:\/\/www.instagram.com\/explore\/locations\/287716545\/riihimaen-poolbar\/"]}]}},"_links":{"self":[{"href":"https:\/\/poolbar.fi\/index.php?rest_route=\/wp\/v2\/pages\/502","targetHints":{"allow":["GET"]}}],"collection":[{"href":"https:\/\/poolbar.fi\/index.php?rest_route=\/wp\/v2\/pages"}],"about":[{"href":"https:\/\/poolbar.fi\/index.php?rest_route=\/wp\/v2\/types\/page"}],"author":[{"embeddable":true,"href":"https:\/\/poolbar.fi\/index.php?rest_route=\/wp\/v2\/users\/1"}],"replies":[{"embeddable":true,"href":"https:\/\/poolbar.fi\/index.php?rest_route=%2Fwp%2Fv2%2Fcomments&post=502"}],"version-history":[{"count":172,"href":"https:\/\/poolbar.fi\/index.php?rest_route=\/wp\/v2\/pages\/502\/revisions"}],"predecessor-version":[{"id":5599,"href":"https:\/\/poolbar.fi\/index.php?rest_route=\/wp\/v2\/pages\/502\/revisions\/5599"}],"wp:attachment":[{"href":"https:\/\/poolbar.fi\/index.php?rest_route=%2Fwp%2Fv2%2Fmedia&parent=502"}],"curies":[{"name":"wp","href":"https:\/\/api.w.org\/{rel}","templated":true}]}}