{"id":5042,"date":"2024-03-11T08:48:44","date_gmt":"2024-03-11T06:48:44","guid":{"rendered":"http:\/\/poolbar.fi\/?page_id=5042"},"modified":"2026-02-16T00:52:01","modified_gmt":"2026-02-15T22:52:01","slug":"biljardi","status":"publish","type":"page","link":"https:\/\/poolbar.fi\/?page_id=5042","title":{"rendered":"Biljardi"},"content":{"rendered":"<p>[vc_row content_placement=&#8221;middle&#8221; parallax=&#8221;content-moving-fade&#8221; row_content_width=&#8221;grid&#8221; css=&#8221;.vc_custom_1710681664815{padding-top: 130px !important;padding-bottom: 70px !important;}&#8221;][vc_column]<div class=\"edgtf-elements-holder   edgtf-two-columns  edgtf-responsive-mode-1024 \" ><div class=\"edgtf-eh-item    \"  data-item-class=\"edgtf-eh-custom-6669\" data-680=\"0 0\">\n\t<div class=\"edgtf-eh-item-inner\">\n\t\t<div class=\"edgtf-eh-item-content edgtf-eh-custom-6669\" >\n\t\t\t<div class=\"edgtf-single-image-holder   \">\n    <div class=\"edgtf-si-inner\" >\n                                    <img loading=\"lazy\" decoding=\"async\" width=\"1129\" height=\"750\" src=\"https:\/\/poolbar.fi\/wp-content\/uploads\/Edge_bg_0259.png\" class=\"attachment-full size-full\" alt=\"\" srcset=\"https:\/\/poolbar.fi\/wp-content\/uploads\/Edge_bg_0259.png 1129w, https:\/\/poolbar.fi\/wp-content\/uploads\/Edge_bg_0259-300x199.png 300w, https:\/\/poolbar.fi\/wp-content\/uploads\/Edge_bg_0259-1024x680.png 1024w, https:\/\/poolbar.fi\/wp-content\/uploads\/Edge_bg_0259-768x510.png 768w\" sizes=\"auto, (max-width: 1129px) 100vw, 1129px\" \/>                        <\/div>\n<\/div>[vc_empty_space height=&#8221;20px&#8221;]\t\t<\/div>\n\t<\/div>\n<\/div><div class=\"edgtf-eh-item    \"  data-item-class=\"edgtf-eh-custom-4353\" data-768-1024=\"0% 27% 0% 0%\" data-680-768=\"0% 14% 0% 0%\" data-680=\"0% 0% 0% 0%\">\n\t<div class=\"edgtf-eh-item-inner\">\n\t\t<div class=\"edgtf-eh-item-content edgtf-eh-custom-4353\" style=\"padding: 0% 0% 0% 16%\">\n\t\t\t<div class=\"edgtf-section-title-holder  \" >\n\t<div class=\"edgtf-st-inner\">\n\t\t\t\t\t\t\t<h3 class=\"edgtf-st-title\" >\n\t\t\t\tPool<span class=\"edgtf-st-title-dot\">.<\/span>\t\t\t<\/h3>\n\t\t\t\t\t\t\t<p class=\"edgtf-st-text\" style=\"margin-top: 25px\">\n\t\t\t\tPool p\u00f6ytin\u00e4 k\u00e4yt\u00e4mme laadukkaita xxx kilpap\u00f6yti\u00e4. P\u00f6yd\u00e4t huolletaan s\u00e4\u00e4nn\u00f6llisin v\u00e4liajoin, jotta pelaaminen mielest\u00e4 ja mukavaa.\t\t\t<\/p>\n\t\t\t\t\t<\/div>\n<\/div>[vc_empty_space]<div class=\"edgtf-icon-list-holder \" >\n\t<div class=\"edgtf-il-icon-holder\">\n\t\t<span aria-hidden=\"true\" class=\"edgtf-icon-font-elegant icon_check \" style=\"color: #f45f0b;font-size: 25px\"><\/span>\t<\/div>\n\t<p class=\"edgtf-il-text\" style=\"padding-left: 25px\">8 Dynamic 3 pool p\u00f6yt\u00e4\u00e4<\/p>\n<\/div><div class=\"edgtf-icon-list-holder \" >\n\t<div class=\"edgtf-il-icon-holder\">\n\t\t<span aria-hidden=\"true\" class=\"edgtf-icon-font-elegant icon_check \" style=\"color: #f45f0b;font-size: 25px\"><\/span>\t<\/div>\n\t<p class=\"edgtf-il-text\" style=\"padding-left: 25px\">1 pienempi pool p\u00f6yt\u00e4<\/p>\n<\/div><div class=\"edgtf-icon-list-holder \" >\n\t<div class=\"edgtf-il-icon-holder\">\n\t\t<span aria-hidden=\"true\" class=\"edgtf-icon-font-elegant icon_check \" style=\"color: #f45f0b;font-size: 25px\"><\/span>\t<\/div>\n\t<p class=\"edgtf-il-text\" style=\"padding-left: 25px\">peliv\u00e4lineet lainattavissa asiakkaille<\/p>\n<\/div>\t\t<\/div>\n\t<\/div>\n<\/div><\/div>[vc_separator color=&#8221;orange&#8221; style=&#8221;shadow&#8221; border_width=&#8221;2&#8243; el_width=&#8221;70&#8243; css=&#8221;.vc_custom_1710936293482{padding-top: 60px !important;}&#8221;][\/vc_column][\/vc_row][vc_row content_placement=&#8221;middle&#8221; row_content_width=&#8221;grid&#8221;][vc_column]<div class=\"edgtf-elements-holder   edgtf-two-columns  edgtf-responsive-mode-1280 \" ><div class=\"edgtf-eh-item    \"  data-item-class=\"edgtf-eh-custom-6596\" data-680=\"0 0\">\n\t<div class=\"edgtf-eh-item-inner\">\n\t\t<div class=\"edgtf-eh-item-content edgtf-eh-custom-6596\" >\n\t\t\t<div class=\"edgtf-single-image-holder   \">\n    <div class=\"edgtf-si-inner\" >\n                                    <img loading=\"lazy\" decoding=\"async\" width=\"2048\" height=\"1365\" src=\"https:\/\/poolbar.fi\/wp-content\/uploads\/pool-bar-15.jpg\" class=\"attachment-full size-full\" alt=\"\" srcset=\"https:\/\/poolbar.fi\/wp-content\/uploads\/pool-bar-15.jpg 2048w, https:\/\/poolbar.fi\/wp-content\/uploads\/pool-bar-15-300x200.jpg 300w, https:\/\/poolbar.fi\/wp-content\/uploads\/pool-bar-15-1024x683.jpg 1024w, https:\/\/poolbar.fi\/wp-content\/uploads\/pool-bar-15-768x512.jpg 768w, https:\/\/poolbar.fi\/wp-content\/uploads\/pool-bar-15-1536x1024.jpg 1536w\" sizes=\"auto, (max-width: 2048px) 100vw, 2048px\" \/>                        <\/div>\n<\/div>[vc_empty_space height=&#8221;20px&#8221;]\t\t<\/div>\n\t<\/div>\n<\/div><div class=\"edgtf-eh-item    \"  data-item-class=\"edgtf-eh-custom-6652\" data-768-1024=\"0% 27% 0% 0%\" data-680-768=\"0% 14% 0% 0%\" data-680=\"0% 0% 0% 0%\">\n\t<div class=\"edgtf-eh-item-inner\">\n\t\t<div class=\"edgtf-eh-item-content edgtf-eh-custom-6652\" style=\"padding: 0% 0% 0% 16%\">\n\t\t\t<div class=\"edgtf-section-title-holder  \" >\n\t<div class=\"edgtf-st-inner\">\n\t\t\t\t\t\t\t<h3 class=\"edgtf-st-title\" >\n\t\t\t\tSnooker<span class=\"edgtf-st-title-dot\">.<\/span>\t\t\t<\/h3>\n\t\t\t\t\t\t\t<p class=\"edgtf-st-text\" style=\"margin-top: 25px\">\n\t\t\t\tSnookeri p\u00f6yt\u00e4mme on t\u00e4ysimittainen kilpap\u00f6yt\u00e4. Laadukkaan p\u00f6yd\u00e4n pallokontrolli on erinomainen, mik\u00e4 taas tekee pelaamisessa ennakoivaa ja mielek\u00e4st\u00e4.\t\t\t<\/p>\n\t\t\t\t\t<\/div>\n<\/div>[vc_empty_space]<div class=\"edgtf-icon-list-holder \" >\n\t<div class=\"edgtf-il-icon-holder\">\n\t\t<span aria-hidden=\"true\" class=\"edgtf-icon-font-elegant icon_check \" style=\"color: #f45f0b;font-size: 25px\"><\/span>\t<\/div>\n\t<p class=\"edgtf-il-text\" style=\"padding-left: 25px\">1 Rasson merkkinen ter\u00e4svallip\u00f6yt\u00e4<\/p>\n<\/div><div class=\"edgtf-icon-list-holder \" >\n\t<div class=\"edgtf-il-icon-holder\">\n\t\t<span aria-hidden=\"true\" class=\"edgtf-icon-font-elegant icon_check \" style=\"color: #f45f0b;font-size: 25px\"><\/span>\t<\/div>\n\t<p class=\"edgtf-il-text\" style=\"padding-left: 25px\">varattavissa etuk\u00e4teen<\/p>\n<\/div>\t\t<\/div>\n\t<\/div>\n<\/div><\/div>[vc_separator color=&#8221;orange&#8221; style=&#8221;shadow&#8221; border_width=&#8221;2&#8243; el_width=&#8221;70&#8243; css=&#8221;.vc_custom_1710936305423{padding-top: 60px !important;}&#8221;][\/vc_column][\/vc_row][vc_row content_placement=&#8221;middle&#8221; row_content_width=&#8221;grid&#8221; anchor=&#8221;bookpage&#8221;][vc_column]<div class=\"edgtf-elements-holder   edgtf-two-columns  edgtf-responsive-mode-1024 \" ><div class=\"edgtf-eh-item    \"  data-item-class=\"edgtf-eh-custom-7505\" data-1280-1600=\"0 10% 0 0\" data-768-1024=\"0px 27% 0 0\" data-680-768=\"0% 15% 0% 0%\" data-680=\"0% 0% 0% 0%\">\n\t<div class=\"edgtf-eh-item-inner\">\n\t\t<div class=\"edgtf-eh-item-content edgtf-eh-custom-7505\" style=\"padding: 0 10% 0 0\">\n\t\t\t[vc_empty_space height=&#8221;60px&#8221;]<div class=\"edgtf-section-title-holder  \" >\n\t<div class=\"edgtf-st-inner\">\n\t\t\t\t\t\t\t<h3 class=\"edgtf-st-title\" >\n\t\t\t\tP\u00f6ytien varaaminen etuk\u00e4teen<span class=\"edgtf-st-title-dot\">.<\/span>\t\t\t<\/h3>\n\t\t\t\t\t\t\t<p class=\"edgtf-st-text\" >\n\t\t\t\tSinun on mahdollista varata biljardip\u00f6yti\u00e4 etuk\u00e4teen. Varauksen voi tehd\u00e4 aikaisintaan seuraavalle p\u00e4iv\u00e4lle, joko varausj\u00e4rjestelm\u00e4n kautta tai soittamalla aukioloaikoinamme.\t\t\t<\/p>\n\t\t\t\t\t<\/div>\n<\/div><div class=\"edgtf-section-title-holder  \" >\n\t<div class=\"edgtf-st-inner\">\n\t\t\t\t\t\t\t\t\t<p class=\"edgtf-st-text\" >\n\t\t\t\tOlet toki tervetullut paikan p\u00e4\u00e4lle pelaamaan, my\u00f6s ilman varausta.\t\t\t<\/p>\n\t\t\t\t\t<\/div>\n<\/div>[vc_empty_space height=&#8221;20px&#8221;][vc_raw_js]JTNDc2NyaXB0JTIwaWQlM0QlMjJzZXRtb3JlX3NjcmlwdCUyMiUyMHR5cGUlM0QlMjJ0ZXh0JTJGamF2YXNjcmlwdCUyMiUyMHNyYyUzRCUyMmh0dHBzJTNBJTJGJTJGc3RvcmFnZS5nb29nbGVhcGlzLmNvbSUyRmZ1bGxpbnRlZ3JhdGlvbi1saXZlJTJGd2ViQ29tcG9uZW50QXBwTGlzdGluZyUyRkNvbnRhaW5lciUyRnNldG1vcmVJZnJhbWVMaXZlLmpzJTIyJTNFJTNDJTJGc2NyaXB0JTNFJTNDYSUyMHN0eWxlJTNEJTIyZmxvYXQlM0Fub25lJTNCJTIwJTIyJTIwaWQlM0QlMjJTZXRtb3JlX2J1dHRvbl9pZnJhbWUlMjIlMjAlMjBocmVmJTNEJTIyaHR0cHMlM0ElMkYlMkZib29raW5nLnNldG1vcmUuY29tJTJGc2NoZWR1bGVhcHBvaW50bWVudCUyRjQzODE1YzU4LWViZDEtNGZhYi1hOWFkLTZmZGU5YTJhOGRlMyUyMiUzRSUzQ2ltZyUyMGJvcmRlciUzRCUyMm5vbmUlMjIlMjBzcmMlM0QlMjJodHRwcyUzQSUyRiUyRnBvb2xiYXIuZmklMkZtZWRpYSUyRnZhcmFhLXRhc3RhLnN2ZyUyMiUyMGFsdCUzRCUyMkJvb2slMjBhbiUyMGFwcG9pbnRtZW50JTIwd2l0aCUyMFBvb2xiYXIlMjB1c2luZyUyMFNldG1vcmUlMjIlMkYlM0UlM0MlMkZhJTNF[\/vc_raw_js][vc_empty_space height=&#8221;60px&#8221;]\t\t<\/div>\n\t<\/div>\n<\/div><\/div>[vc_empty_space height=&#8221;20px&#8221;][\/vc_column][\/vc_row]<\/p>\n","protected":false},"excerpt":{"rendered":"<p>[vc_row content_placement=&#8221;middle&#8221; parallax=&#8221;content-moving-fade&#8221; row_content_width=&#8221;grid&#8221; css=&#8221;.vc_custom_1710681664815{padding-top: 130px !important;padding-bottom: 70px !important;}&#8221;][vc_column][vc_separator color=&#8221;orange&#8221; style=&#8221;shadow&#8221; border_width=&#8221;2&#8243; el_width=&#8221;70&#8243; css=&#8221;.vc_custom_1710936293482{padding-top: 60px !important;}&#8221;][\/vc_column][\/vc_row][vc_row content_placement=&#8221;middle&#8221; row_content_width=&#8221;grid&#8221;][vc_column][vc_separator color=&#8221;orange&#8221; style=&#8221;shadow&#8221; border_width=&#8221;2&#8243; el_width=&#8221;70&#8243; css=&#8221;.vc_custom_1710936305423{padding-top: 60px !important;}&#8221;][\/vc_column][\/vc_row][vc_row content_placement=&#8221;middle&#8221; row_content_width=&#8221;grid&#8221; anchor=&#8221;bookpage&#8221;][vc_column][vc_empty_space height=&#8221;20px&#8221;][\/vc_column][\/vc_row]<\/p>\n","protected":false},"author":1,"featured_media":0,"parent":0,"menu_order":0,"comment_status":"closed","ping_status":"closed","template":"full-width.php","meta":{"footnotes":""},"class_list":["post-5042","page","type-page","status-publish","hentry"],"yoast_head":"<!-- This site is optimized with the Yoast SEO plugin v26.9 - https:\/\/yoast.com\/product\/yoast-seo-wordpress\/ -->\n<title>Biljardi - Poolbar<\/title>\n<meta name=\"robots\" content=\"index, follow, max-snippet:-1, max-image-preview:large, max-video-preview:-1\" \/>\n<link rel=\"canonical\" href=\"https:\/\/poolbar.fi\/?page_id=5042\" \/>\n<meta property=\"og:locale\" content=\"fi_FI\" \/>\n<meta property=\"og:type\" content=\"article\" \/>\n<meta property=\"og:title\" content=\"Biljardi - Poolbar\" \/>\n<meta property=\"og:description\" content=\"[vc_row content_placement=&#8221;middle&#8221; parallax=&#8221;content-moving-fade&#8221; row_content_width=&#8221;grid&#8221; css=&#8221;.vc_custom_1710681664815{padding-top: 130px !important;padding-bottom: 70px !important;}&#8221;][vc_column][vc_separator color=&#8221;orange&#8221; style=&#8221;shadow&#8221; border_width=&#8221;2&#8243; el_width=&#8221;70&#8243; css=&#8221;.vc_custom_1710936293482{padding-top: 60px !important;}&#8221;][\/vc_column][\/vc_row][vc_row content_placement=&#8221;middle&#8221; row_content_width=&#8221;grid&#8221;][vc_column][vc_separator color=&#8221;orange&#8221; style=&#8221;shadow&#8221; border_width=&#8221;2&#8243; el_width=&#8221;70&#8243; css=&#8221;.vc_custom_1710936305423{padding-top: 60px !important;}&#8221;][\/vc_column][\/vc_row][vc_row content_placement=&#8221;middle&#8221; row_content_width=&#8221;grid&#8221; anchor=&#8221;bookpage&#8221;][vc_column][vc_empty_space height=&#8221;20px&#8221;][\/vc_column][\/vc_row]\" \/>\n<meta property=\"og:url\" content=\"https:\/\/poolbar.fi\/?page_id=5042\" \/>\n<meta property=\"og:site_name\" content=\"Poolbar\" \/>\n<meta property=\"article:publisher\" content=\"https:\/\/www.facebook.com\/people\/Riihimen-PoolBar\/100063639903631\/\" \/>\n<meta property=\"article:modified_time\" content=\"2026-02-15T22:52:01+00:00\" \/>\n<meta name=\"twitter:card\" content=\"summary_large_image\" \/>\n<meta name=\"twitter:label1\" content=\"Arvioitu lukuaika\" \/>\n\t<meta name=\"twitter:data1\" content=\"2 minuuttia\" \/>\n<script type=\"application\/ld+json\" class=\"yoast-schema-graph\">{\"@context\":\"https:\/\/schema.org\",\"@graph\":[{\"@type\":\"WebPage\",\"@id\":\"https:\/\/poolbar.fi\/?page_id=5042\",\"url\":\"https:\/\/poolbar.fi\/?page_id=5042\",\"name\":\"Biljardi - Poolbar\",\"isPartOf\":{\"@id\":\"https:\/\/poolbar.fi\/#website\"},\"datePublished\":\"2024-03-11T06:48:44+00:00\",\"dateModified\":\"2026-02-15T22:52:01+00:00\",\"breadcrumb\":{\"@id\":\"https:\/\/poolbar.fi\/?page_id=5042#breadcrumb\"},\"inLanguage\":\"fi\",\"potentialAction\":[{\"@type\":\"ReadAction\",\"target\":[\"https:\/\/poolbar.fi\/?page_id=5042\"]}]},{\"@type\":\"BreadcrumbList\",\"@id\":\"https:\/\/poolbar.fi\/?page_id=5042#breadcrumb\",\"itemListElement\":[{\"@type\":\"ListItem\",\"position\":1,\"name\":\"Etusivu\",\"item\":\"https:\/\/poolbar.fi\/\"},{\"@type\":\"ListItem\",\"position\":2,\"name\":\"Biljardi\"}]},{\"@type\":\"WebSite\",\"@id\":\"https:\/\/poolbar.fi\/#website\",\"url\":\"https:\/\/poolbar.fi\/\",\"name\":\"Poolbar\",\"description\":\"Biljardisali kaikille\",\"publisher\":{\"@id\":\"https:\/\/poolbar.fi\/#organization\"},\"potentialAction\":[{\"@type\":\"SearchAction\",\"target\":{\"@type\":\"EntryPoint\",\"urlTemplate\":\"https:\/\/poolbar.fi\/?s={search_term_string}\"},\"query-input\":{\"@type\":\"PropertyValueSpecification\",\"valueRequired\":true,\"valueName\":\"search_term_string\"}}],\"inLanguage\":\"fi\"},{\"@type\":\"Organization\",\"@id\":\"https:\/\/poolbar.fi\/#organization\",\"name\":\"Poolbar\",\"url\":\"https:\/\/poolbar.fi\/\",\"logo\":{\"@type\":\"ImageObject\",\"inLanguage\":\"fi\",\"@id\":\"https:\/\/poolbar.fi\/#\/schema\/logo\/image\/\",\"url\":\"https:\/\/poolbar.fi\/wp-content\/uploads\/Logo_1000_pixel.png\",\"contentUrl\":\"https:\/\/poolbar.fi\/wp-content\/uploads\/Logo_1000_pixel.png\",\"width\":1000,\"height\":1000,\"caption\":\"Poolbar\"},\"image\":{\"@id\":\"https:\/\/poolbar.fi\/#\/schema\/logo\/image\/\"},\"sameAs\":[\"https:\/\/www.facebook.com\/people\/Riihimen-PoolBar\/100063639903631\/\",\"https:\/\/www.instagram.com\/explore\/locations\/287716545\/riihimaen-poolbar\/\"]}]}<\/script>\n<!-- \/ Yoast SEO plugin. -->","yoast_head_json":{"title":"Biljardi - Poolbar","robots":{"index":"index","follow":"follow","max-snippet":"max-snippet:-1","max-image-preview":"max-image-preview:large","max-video-preview":"max-video-preview:-1"},"canonical":"https:\/\/poolbar.fi\/?page_id=5042","og_locale":"fi_FI","og_type":"article","og_title":"Biljardi - Poolbar","og_description":"[vc_row content_placement=&#8221;middle&#8221; parallax=&#8221;content-moving-fade&#8221; row_content_width=&#8221;grid&#8221; css=&#8221;.vc_custom_1710681664815{padding-top: 130px !important;padding-bottom: 70px !important;}&#8221;][vc_column][vc_separator color=&#8221;orange&#8221; style=&#8221;shadow&#8221; border_width=&#8221;2&#8243; el_width=&#8221;70&#8243; css=&#8221;.vc_custom_1710936293482{padding-top: 60px !important;}&#8221;][\/vc_column][\/vc_row][vc_row content_placement=&#8221;middle&#8221; row_content_width=&#8221;grid&#8221;][vc_column][vc_separator color=&#8221;orange&#8221; style=&#8221;shadow&#8221; border_width=&#8221;2&#8243; el_width=&#8221;70&#8243; css=&#8221;.vc_custom_1710936305423{padding-top: 60px !important;}&#8221;][\/vc_column][\/vc_row][vc_row content_placement=&#8221;middle&#8221; row_content_width=&#8221;grid&#8221; anchor=&#8221;bookpage&#8221;][vc_column][vc_empty_space height=&#8221;20px&#8221;][\/vc_column][\/vc_row]","og_url":"https:\/\/poolbar.fi\/?page_id=5042","og_site_name":"Poolbar","article_publisher":"https:\/\/www.facebook.com\/people\/Riihimen-PoolBar\/100063639903631\/","article_modified_time":"2026-02-15T22:52:01+00:00","twitter_card":"summary_large_image","twitter_misc":{"Arvioitu lukuaika":"2 minuuttia"},"schema":{"@context":"https:\/\/schema.org","@graph":[{"@type":"WebPage","@id":"https:\/\/poolbar.fi\/?page_id=5042","url":"https:\/\/poolbar.fi\/?page_id=5042","name":"Biljardi - Poolbar","isPartOf":{"@id":"https:\/\/poolbar.fi\/#website"},"datePublished":"2024-03-11T06:48:44+00:00","dateModified":"2026-02-15T22:52:01+00:00","breadcrumb":{"@id":"https:\/\/poolbar.fi\/?page_id=5042#breadcrumb"},"inLanguage":"fi","potentialAction":[{"@type":"ReadAction","target":["https:\/\/poolbar.fi\/?page_id=5042"]}]},{"@type":"BreadcrumbList","@id":"https:\/\/poolbar.fi\/?page_id=5042#breadcrumb","itemListElement":[{"@type":"ListItem","position":1,"name":"Etusivu","item":"https:\/\/poolbar.fi\/"},{"@type":"ListItem","position":2,"name":"Biljardi"}]},{"@type":"WebSite","@id":"https:\/\/poolbar.fi\/#website","url":"https:\/\/poolbar.fi\/","name":"Poolbar","description":"Biljardisali kaikille","publisher":{"@id":"https:\/\/poolbar.fi\/#organization"},"potentialAction":[{"@type":"SearchAction","target":{"@type":"EntryPoint","urlTemplate":"https:\/\/poolbar.fi\/?s={search_term_string}"},"query-input":{"@type":"PropertyValueSpecification","valueRequired":true,"valueName":"search_term_string"}}],"inLanguage":"fi"},{"@type":"Organization","@id":"https:\/\/poolbar.fi\/#organization","name":"Poolbar","url":"https:\/\/poolbar.fi\/","logo":{"@type":"ImageObject","inLanguage":"fi","@id":"https:\/\/poolbar.fi\/#\/schema\/logo\/image\/","url":"https:\/\/poolbar.fi\/wp-content\/uploads\/Logo_1000_pixel.png","contentUrl":"https:\/\/poolbar.fi\/wp-content\/uploads\/Logo_1000_pixel.png","width":1000,"height":1000,"caption":"Poolbar"},"image":{"@id":"https:\/\/poolbar.fi\/#\/schema\/logo\/image\/"},"sameAs":["https:\/\/www.facebook.com\/people\/Riihimen-PoolBar\/100063639903631\/","https:\/\/www.instagram.com\/explore\/locations\/287716545\/riihimaen-poolbar\/"]}]}},"_links":{"self":[{"href":"https:\/\/poolbar.fi\/index.php?rest_route=\/wp\/v2\/pages\/5042","targetHints":{"allow":["GET"]}}],"collection":[{"href":"https:\/\/poolbar.fi\/index.php?rest_route=\/wp\/v2\/pages"}],"about":[{"href":"https:\/\/poolbar.fi\/index.php?rest_route=\/wp\/v2\/types\/page"}],"author":[{"embeddable":true,"href":"https:\/\/poolbar.fi\/index.php?rest_route=\/wp\/v2\/users\/1"}],"replies":[{"embeddable":true,"href":"https:\/\/poolbar.fi\/index.php?rest_route=%2Fwp%2Fv2%2Fcomments&post=5042"}],"version-history":[{"count":96,"href":"https:\/\/poolbar.fi\/index.php?rest_route=\/wp\/v2\/pages\/5042\/revisions"}],"predecessor-version":[{"id":5624,"href":"https:\/\/poolbar.fi\/index.php?rest_route=\/wp\/v2\/pages\/5042\/revisions\/5624"}],"wp:attachment":[{"href":"https:\/\/poolbar.fi\/index.php?rest_route=%2Fwp%2Fv2%2Fmedia&parent=5042"}],"curies":[{"name":"wp","href":"https:\/\/api.w.org\/{rel}","templated":true}]}}