{"id":919,"date":"2018-02-27T14:22:09","date_gmt":"2018-02-27T14:22:09","guid":{"rendered":"http:\/\/offbeat.edge-themes.com\/?page_id=919"},"modified":"2026-02-15T23:57:10","modified_gmt":"2026-02-15T21:57:10","slug":"our-process","status":"publish","type":"page","link":"https:\/\/poolbar.fi\/?page_id=919","title":{"rendered":"Poolbar"},"content":{"rendered":"<p>[vc_row][vc_column]<div class=\"edgtf-elements-holder  edgtf-eh-full-height edgtf-one-column  edgtf-responsive-mode-768 \" ><div class=\"edgtf-eh-item   edgtf-horizontal-alignment-center edgtf-element-from-left\"  data-item-class=\"edgtf-eh-custom-7696\" data-animation=\"edgtf-element-from-left\">\n\t<div class=\"edgtf-eh-item-inner\">\n\t\t<div class=\"edgtf-eh-item-content edgtf-eh-custom-7696\" >\n\t\t\t<a itemprop=\"url\" href=\"https:\/\/poolbar.fi\/?page_id=5042#bookpage\" target=\"_self\"  class=\"edgtf-btn edgtf-btn-medium edgtf-btn-solid edgtf-btn-orange-white\"  >\n    <span class=\"edgtf-btn-text\">Voit halutessa varata p\u00f6yd\u00e4n tai Darts scolian etuk\u00e4teen --&gt;<\/span>\n    <\/a>\t\t<\/div>\n\t<\/div>\n<\/div><\/div>[\/vc_column][\/vc_row][vc_row content_placement=&#8221;middle&#8221; row_content_width=&#8221;grid&#8221; css=&#8221;.vc_custom_1710704776753{padding-top: 90px !important;padding-bottom: 90px !important;}&#8221;][vc_column]<div class=\"edgtf-elements-holder   edgtf-two-columns  edgtf-responsive-mode-1024 \" ><div class=\"edgtf-eh-item    \"  data-item-class=\"edgtf-eh-custom-1054\" data-680=\"0 0\">\n\t<div class=\"edgtf-eh-item-inner\">\n\t\t<div class=\"edgtf-eh-item-content edgtf-eh-custom-1054\" >\n\t\t\t<div class=\"edgtf-single-image-holder   \">\n    <div class=\"edgtf-si-inner\" >\n                                    <img loading=\"lazy\" decoding=\"async\" width=\"850\" height=\"567\" src=\"https:\/\/poolbar.fi\/wp-content\/uploads\/pool-bar-12-e1708883173498.jpg\" class=\"attachment-full size-full\" alt=\"\" \/>                        <\/div>\n<\/div>[vc_empty_space height=&#8221;60px&#8221;]\t\t<\/div>\n\t<\/div>\n<\/div><div class=\"edgtf-eh-item    \"  data-item-class=\"edgtf-eh-custom-8285\" data-768-1024=\"0% 27% 0% 0%\" data-680-768=\"0% 14% 0% 0%\" data-680=\"0% 0% 0% 0%\">\n\t<div class=\"edgtf-eh-item-inner\">\n\t\t<div class=\"edgtf-eh-item-content edgtf-eh-custom-8285\" style=\"padding: 0% 0% 0% 16%\">\n\t\t\t<div class=\"edgtf-section-title-holder  \" >\n\t<div class=\"edgtf-st-inner\">\n\t\t\t\t\t\t\t<h3 class=\"edgtf-st-title\" >\n\t\t\t\tDarts - loistava tapa viett\u00e4\u00e4 aikaa yst\u00e4vien kanssa<span class=\"edgtf-st-title-dot\">.<\/span>\t\t\t<\/h3>\n\t\t\t\t\t\t\t<p class=\"edgtf-st-text\" style=\"margin-top: 25px\">\n\t\t\t\tDarts on enemm\u00e4n kuin vain peli baarissa. Se voi olla harrastus, kilpapelaaminen tai vain hauskanpitoa yst\u00e4vien kesken. Pelimuotoja on perinteisten 501, 301 lis\u00e4ksi monia, kuten killeri, kenguru, kriketti jne. p\u00e4\u00e4tarkoituksemme on, ett\u00e4 kaikki pelaajat viihtyv\u00e4t.\t\t\t<\/p>\n\t\t\t\t\t<\/div>\n<\/div>[vc_empty_space height=&#8221;43px&#8221;]<div class=\"edgtf-icon-list-holder \" >\n\t<div class=\"edgtf-il-icon-holder\">\n\t\t<span aria-hidden=\"true\" class=\"edgtf-icon-font-elegant icon_check \" style=\"color: #f45f0b;font-size: 25px\"><\/span>\t<\/div>\n\t<p class=\"edgtf-il-text\" style=\"padding-left: 25px\">Taulut vapaasti k\u00e4ytett\u00e4viss\u00e4<\/p>\n<\/div><div class=\"edgtf-icon-list-holder \" >\n\t<div class=\"edgtf-il-icon-holder\">\n\t\t<span aria-hidden=\"true\" class=\"edgtf-icon-font-elegant icon_check \" style=\"color: #f45f0b;font-size: 25px\"><\/span>\t<\/div>\n\t<p class=\"edgtf-il-text\" style=\"padding-left: 25px\">Tikat asiakkaille lainattavissa<\/p>\n<\/div><div class=\"edgtf-icon-list-holder \" >\n\t<div class=\"edgtf-il-icon-holder\">\n\t\t<span aria-hidden=\"true\" class=\"edgtf-icon-font-elegant icon_check \" style=\"color: #f45f0b;font-size: 25px\"><\/span>\t<\/div>\n\t<p class=\"edgtf-il-text\" style=\"padding-left: 25px\">Seuratoimintaa ja kilpailuja<\/p>\n<\/div>[vc_empty_space height=&#8221;20px&#8221;]<a itemprop=\"url\" href=\"https:\/\/poolbar.fi\/?page_id=5052\" target=\"_self\"  class=\"edgtf-btn edgtf-btn-medium edgtf-btn-solid edgtf-btn-orange-white\"  >\n    <span class=\"edgtf-btn-text\">Lis\u00e4tietoa lajista<\/span>\n    <\/a>[vc_empty_space height=&#8221;20px&#8221;]\t\t<\/div>\n\t<\/div>\n<\/div><\/div>[vc_separator color=&#8221;orange&#8221; style=&#8221;shadow&#8221; border_width=&#8221;2&#8243; el_width=&#8221;70&#8243; css=&#8221;.vc_custom_1710935984530{padding-top: 60px !important;}&#8221;][\/vc_column][\/vc_row][vc_row content_placement=&#8221;middle&#8221; row_content_width=&#8221;grid&#8221; css=&#8221;.vc_custom_1519807846845{padding-bottom: 70px !important;}&#8221;][vc_column]<div class=\"edgtf-elements-holder   edgtf-two-columns  edgtf-responsive-mode-1024 \" ><div class=\"edgtf-eh-item    \"  data-item-class=\"edgtf-eh-custom-4142\" data-1280-1600=\"0% 10% 0% 0%\" data-768-1024=\"0px 27% 0 0\" data-680-768=\"0% 15% 0% 0%\" data-680=\"0% 0% 0% 0%\">\n\t<div class=\"edgtf-eh-item-inner\">\n\t\t<div class=\"edgtf-eh-item-content edgtf-eh-custom-4142\" style=\"padding: 0 10% 0 0\">\n\t\t\t<div class=\"edgtf-section-title-holder  \" >\n\t<div class=\"edgtf-st-inner\">\n\t\t\t\t\t\t\t<h3 class=\"edgtf-st-title\" >\n\t\t\t\tBiljardi - pelaamisen iloa poolin ja snookerin parissa<span class=\"edgtf-st-title-dot\">.<\/span>\t\t\t<\/h3>\n\t\t\t\t\t\t\t<p class=\"edgtf-st-text\" style=\"margin-top: 25px\">\n\t\t\t\tBiljardi on pitk\u00e4\u00e4n ollut olennainen osa baarien tunnelmaa, tarjoten rentouttavaa ja viihdytt\u00e4v\u00e4\u00e4 ajanvietett\u00e4 kaikentasoisille pelaajille. Pool ja snooker ovat kaksi suosittua lajia, joita voi pelata ja harrastaa laadukkailla p\u00f6ydill\u00e4mme.\t\t\t<\/p>\n\t\t\t\t\t<\/div>\n<\/div><div class=\"edgtf-section-title-holder  \" >\n\t<div class=\"edgtf-st-inner\">\n\t\t\t\t\t\t\t\t\t<p class=\"edgtf-st-text\" style=\"margin-top: 25px\">\n\t\t\t\tLaji sopii mainiosti my\u00f6s perheille yhteiseksi ajanvietoksia.\t\t\t<\/p>\n\t\t\t\t\t<\/div>\n<\/div>[vc_empty_space]<div class=\"edgtf-icon-list-holder \" >\n\t<div class=\"edgtf-il-icon-holder\">\n\t\t<span aria-hidden=\"true\" class=\"edgtf-icon-font-elegant icon_check \" style=\"color: #f45f0b;font-size: 25px\"><\/span>\t<\/div>\n\t<p class=\"edgtf-il-text\" style=\"padding-left: 25px\">8 kilpatason pool p\u00f6yt\u00e4\u00e4<\/p>\n<\/div><div class=\"edgtf-icon-list-holder \" >\n\t<div class=\"edgtf-il-icon-holder\">\n\t\t<span aria-hidden=\"true\" class=\"edgtf-icon-font-elegant icon_check \" style=\"color: #f45f0b;font-size: 25px\"><\/span>\t<\/div>\n\t<p class=\"edgtf-il-text\" style=\"padding-left: 25px\">1 pienempi pool p\u00f6yt\u00e4<\/p>\n<\/div><div class=\"edgtf-icon-list-holder \" >\n\t<div class=\"edgtf-il-icon-holder\">\n\t\t<span aria-hidden=\"true\" class=\"edgtf-icon-font-elegant icon_check \" style=\"color: #f45f0b;font-size: 25px\"><\/span>\t<\/div>\n\t<p class=\"edgtf-il-text\" style=\"padding-left: 25px\">Snooker p\u00f6yt\u00e4 - voit varata p\u00f6yd\u00e4n my\u00f6s etuk\u00e4teen<\/p>\n<\/div><div class=\"edgtf-icon-list-holder \" >\n\t<div class=\"edgtf-il-icon-holder\">\n\t\t<span aria-hidden=\"true\" class=\"edgtf-icon-font-elegant icon_check \" style=\"color: #f45f0b;font-size: 25px\"><\/span>\t<\/div>\n\t<p class=\"edgtf-il-text\" style=\"padding-left: 25px\">Seuratoimintaa ja kilpailuja<\/p>\n<\/div>[vc_empty_space height=&#8221;20px&#8221;]<a itemprop=\"url\" href=\"https:\/\/poolbar.fi\/?page_id=5042\" target=\"_self\"  class=\"edgtf-btn edgtf-btn-medium edgtf-btn-solid edgtf-btn-orange-white\"  >\n    <span class=\"edgtf-btn-text\">Lis\u00e4tietoja ja varaukset<\/span>\n    <\/a>\t\t<\/div>\n\t<\/div>\n<\/div><div class=\"edgtf-eh-item    \"  data-item-class=\"edgtf-eh-custom-4626\" data-680=\"0 0\">\n\t<div class=\"edgtf-eh-item-inner\">\n\t\t<div class=\"edgtf-eh-item-content edgtf-eh-custom-4626\" >\n\t\t\t<div class=\"edgtf-single-image-holder   \">\n    <div class=\"edgtf-si-inner\" >\n                                    <img loading=\"lazy\" decoding=\"async\" width=\"2048\" height=\"1365\" src=\"https:\/\/poolbar.fi\/wp-content\/uploads\/pool-bar-14.jpg\" class=\"attachment-full size-full\" alt=\"\" srcset=\"https:\/\/poolbar.fi\/wp-content\/uploads\/pool-bar-14.jpg 2048w, https:\/\/poolbar.fi\/wp-content\/uploads\/pool-bar-14-300x200.jpg 300w, https:\/\/poolbar.fi\/wp-content\/uploads\/pool-bar-14-1024x683.jpg 1024w, https:\/\/poolbar.fi\/wp-content\/uploads\/pool-bar-14-768x512.jpg 768w, https:\/\/poolbar.fi\/wp-content\/uploads\/pool-bar-14-1536x1024.jpg 1536w\" sizes=\"auto, (max-width: 2048px) 100vw, 2048px\" \/>                        <\/div>\n<\/div>[vc_empty_space height=&#8221;60px&#8221;]\t\t<\/div>\n\t<\/div>\n<\/div><\/div>[vc_separator color=&#8221;orange&#8221; style=&#8221;shadow&#8221; border_width=&#8221;2&#8243; el_width=&#8221;70&#8243; css=&#8221;.vc_custom_1710936186621{padding-top: 60px !important;}&#8221;][\/vc_column][\/vc_row][vc_row content_placement=&#8221;middle&#8221; row_content_width=&#8221;grid&#8221; css=&#8221;.vc_custom_1519811705830{padding-bottom: 70px !important;}&#8221;][vc_column]<div class=\"edgtf-elements-holder   edgtf-two-columns  edgtf-responsive-mode-1024 \" ><div class=\"edgtf-eh-item    \"  data-item-class=\"edgtf-eh-custom-3571\" data-680=\"0 0\">\n\t<div class=\"edgtf-eh-item-inner\">\n\t\t<div class=\"edgtf-eh-item-content edgtf-eh-custom-3571\" >\n\t\t\t<div class=\"edgtf-single-image-holder   \">\n    <div class=\"edgtf-si-inner\" >\n                                    <img loading=\"lazy\" decoding=\"async\" width=\"2048\" height=\"1365\" src=\"https:\/\/poolbar.fi\/wp-content\/uploads\/pool-bar-02.jpg\" class=\"attachment-full size-full\" alt=\"\" srcset=\"https:\/\/poolbar.fi\/wp-content\/uploads\/pool-bar-02.jpg 2048w, https:\/\/poolbar.fi\/wp-content\/uploads\/pool-bar-02-300x200.jpg 300w, https:\/\/poolbar.fi\/wp-content\/uploads\/pool-bar-02-1024x683.jpg 1024w, https:\/\/poolbar.fi\/wp-content\/uploads\/pool-bar-02-768x512.jpg 768w, https:\/\/poolbar.fi\/wp-content\/uploads\/pool-bar-02-1536x1024.jpg 1536w\" sizes=\"auto, (max-width: 2048px) 100vw, 2048px\" \/>                        <\/div>\n<\/div>[vc_empty_space height=&#8221;60px&#8221;]\t\t<\/div>\n\t<\/div>\n<\/div><div class=\"edgtf-eh-item    \"  data-item-class=\"edgtf-eh-custom-7966\" data-768-1024=\"0% 27% 0% 0%\" data-680-768=\"0% 14% 0% 0%\" data-680=\"0% 0% 0% 0%\">\n\t<div class=\"edgtf-eh-item-inner\">\n\t\t<div class=\"edgtf-eh-item-content edgtf-eh-custom-7966\" style=\"padding: 0% 0% 0% 16%\">\n\t\t\t<div class=\"edgtf-section-title-holder  \" >\n\t<div class=\"edgtf-st-inner\">\n\t\t\t\t\t\t\t<h3 class=\"edgtf-st-title\" >\n\t\t\t\tPelijuomat - suoraan baaritiskilt\u00e4mme<span class=\"edgtf-st-title-dot\">.<\/span>\t\t\t<\/h3>\n\t\t\t\t\t\t\t<p class=\"edgtf-st-text\" style=\"margin-top: 25px\">\n\t\t\t\tBaaritiskimme valikoima kutsuu nauttimaan suomalaisten ja saksalaisia oluiden lis\u00e4ksi virkist\u00e4vi\u00e4 siidereit\u00e4, lonkeroita sek\u00e4 kyytipojatkin oman maun mukaan.\t\t\t<\/p>\n\t\t\t\t\t<\/div>\n<\/div>[vc_empty_space]<div class=\"edgtf-icon-list-holder \" >\n\t<div class=\"edgtf-il-icon-holder\">\n\t\t<span aria-hidden=\"true\" class=\"edgtf-icon-font-elegant icon_check \" style=\"color: #f45f0b;font-size: 25px\"><\/span>\t<\/div>\n\t<p class=\"edgtf-il-text\" style=\"padding-left: 25px\">Oluet<\/p>\n<\/div><div class=\"edgtf-icon-list-holder \" >\n\t<div class=\"edgtf-il-icon-holder\">\n\t\t<span aria-hidden=\"true\" class=\"edgtf-icon-font-elegant icon_check \" style=\"color: #f45f0b;font-size: 25px\"><\/span>\t<\/div>\n\t<p class=\"edgtf-il-text\" style=\"padding-left: 25px\">Lonkerot, siiderit<\/p>\n<\/div><div class=\"edgtf-icon-list-holder \" >\n\t<div class=\"edgtf-il-icon-holder\">\n\t\t<span aria-hidden=\"true\" class=\"edgtf-icon-font-elegant icon_check \" style=\"color: #f45f0b;font-size: 25px\"><\/span>\t<\/div>\n\t<p class=\"edgtf-il-text\" style=\"padding-left: 25px\">Snapsit<\/p>\n<\/div><div class=\"edgtf-icon-list-holder \" >\n\t<div class=\"edgtf-il-icon-holder\">\n\t\t<span aria-hidden=\"true\" class=\"edgtf-icon-font-elegant icon_check \" style=\"color: #f45f0b;font-size: 25px\"><\/span>\t<\/div>\n\t<p class=\"edgtf-il-text\" style=\"padding-left: 25px\">Limpparit<\/p>\n<\/div>\t\t<\/div>\n\t<\/div>\n<\/div><\/div>[\/vc_column][\/vc_row]<\/p>\n","protected":false},"excerpt":{"rendered":"<p>[vc_row][vc_column][\/vc_column][\/vc_row][vc_row content_placement=&#8221;middle&#8221; row_content_width=&#8221;grid&#8221; css=&#8221;.vc_custom_1710704776753{padding-top: 90px !important;padding-bottom: 90px !important;}&#8221;][vc_column][vc_separator color=&#8221;orange&#8221; style=&#8221;shadow&#8221; border_width=&#8221;2&#8243; el_width=&#8221;70&#8243; css=&#8221;.vc_custom_1710935984530{padding-top: 60px !important;}&#8221;][\/vc_column][\/vc_row][vc_row content_placement=&#8221;middle&#8221; row_content_width=&#8221;grid&#8221; css=&#8221;.vc_custom_1519807846845{padding-bottom: 70px !important;}&#8221;][vc_column][vc_separator color=&#8221;orange&#8221; style=&#8221;shadow&#8221; border_width=&#8221;2&#8243; el_width=&#8221;70&#8243; css=&#8221;.vc_custom_1710936186621{padding-top: 60px !important;}&#8221;][\/vc_column][\/vc_row][vc_row content_placement=&#8221;middle&#8221; row_content_width=&#8221;grid&#8221; css=&#8221;.vc_custom_1519811705830{padding-bottom: 70px !important;}&#8221;][vc_column][\/vc_column][\/vc_row]<\/p>\n","protected":false},"author":1,"featured_media":0,"parent":0,"menu_order":0,"comment_status":"closed","ping_status":"closed","template":"full-width.php","meta":{"footnotes":""},"class_list":["post-919","page","type-page","status-publish","hentry"],"yoast_head":"<!-- This site is optimized with the Yoast SEO plugin v26.9 - https:\/\/yoast.com\/product\/yoast-seo-wordpress\/ -->\n<title>Poolbar - Poolbar<\/title>\n<meta name=\"robots\" content=\"index, follow, max-snippet:-1, max-image-preview:large, max-video-preview:-1\" \/>\n<link rel=\"canonical\" href=\"https:\/\/poolbar.fi\/?page_id=919\" \/>\n<meta property=\"og:locale\" content=\"fi_FI\" \/>\n<meta property=\"og:type\" content=\"article\" \/>\n<meta property=\"og:title\" content=\"Poolbar - Poolbar\" \/>\n<meta property=\"og:description\" content=\"[vc_row][vc_column][\/vc_column][\/vc_row][vc_row content_placement=&#8221;middle&#8221; row_content_width=&#8221;grid&#8221; css=&#8221;.vc_custom_1710704776753{padding-top: 90px !important;padding-bottom: 90px !important;}&#8221;][vc_column][vc_separator color=&#8221;orange&#8221; style=&#8221;shadow&#8221; border_width=&#8221;2&#8243; el_width=&#8221;70&#8243; css=&#8221;.vc_custom_1710935984530{padding-top: 60px !important;}&#8221;][\/vc_column][\/vc_row][vc_row content_placement=&#8221;middle&#8221; row_content_width=&#8221;grid&#8221; css=&#8221;.vc_custom_1519807846845{padding-bottom: 70px !important;}&#8221;][vc_column][vc_separator color=&#8221;orange&#8221; style=&#8221;shadow&#8221; border_width=&#8221;2&#8243; el_width=&#8221;70&#8243; css=&#8221;.vc_custom_1710936186621{padding-top: 60px !important;}&#8221;][\/vc_column][\/vc_row][vc_row content_placement=&#8221;middle&#8221; row_content_width=&#8221;grid&#8221; css=&#8221;.vc_custom_1519811705830{padding-bottom: 70px !important;}&#8221;][vc_column][\/vc_column][\/vc_row]\" \/>\n<meta property=\"og:url\" content=\"https:\/\/poolbar.fi\/?page_id=919\" \/>\n<meta property=\"og:site_name\" content=\"Poolbar\" \/>\n<meta property=\"article:publisher\" content=\"https:\/\/www.facebook.com\/people\/Riihimen-PoolBar\/100063639903631\/\" \/>\n<meta property=\"article:modified_time\" content=\"2026-02-15T21:57:10+00:00\" \/>\n<meta name=\"twitter:card\" content=\"summary_large_image\" \/>\n<meta name=\"twitter:label1\" content=\"Arvioitu lukuaika\" \/>\n\t<meta name=\"twitter:data1\" content=\"3 minuuttia\" \/>\n<script type=\"application\/ld+json\" class=\"yoast-schema-graph\">{\"@context\":\"https:\/\/schema.org\",\"@graph\":[{\"@type\":\"WebPage\",\"@id\":\"https:\/\/poolbar.fi\/?page_id=919\",\"url\":\"https:\/\/poolbar.fi\/?page_id=919\",\"name\":\"Poolbar - Poolbar\",\"isPartOf\":{\"@id\":\"https:\/\/poolbar.fi\/#website\"},\"datePublished\":\"2018-02-27T14:22:09+00:00\",\"dateModified\":\"2026-02-15T21:57:10+00:00\",\"breadcrumb\":{\"@id\":\"https:\/\/poolbar.fi\/?page_id=919#breadcrumb\"},\"inLanguage\":\"fi\",\"potentialAction\":[{\"@type\":\"ReadAction\",\"target\":[\"https:\/\/poolbar.fi\/?page_id=919\"]}]},{\"@type\":\"BreadcrumbList\",\"@id\":\"https:\/\/poolbar.fi\/?page_id=919#breadcrumb\",\"itemListElement\":[{\"@type\":\"ListItem\",\"position\":1,\"name\":\"Etusivu\",\"item\":\"https:\/\/poolbar.fi\/\"},{\"@type\":\"ListItem\",\"position\":2,\"name\":\"Poolbar\"}]},{\"@type\":\"WebSite\",\"@id\":\"https:\/\/poolbar.fi\/#website\",\"url\":\"https:\/\/poolbar.fi\/\",\"name\":\"Poolbar\",\"description\":\"Biljardisali kaikille\",\"publisher\":{\"@id\":\"https:\/\/poolbar.fi\/#organization\"},\"potentialAction\":[{\"@type\":\"SearchAction\",\"target\":{\"@type\":\"EntryPoint\",\"urlTemplate\":\"https:\/\/poolbar.fi\/?s={search_term_string}\"},\"query-input\":{\"@type\":\"PropertyValueSpecification\",\"valueRequired\":true,\"valueName\":\"search_term_string\"}}],\"inLanguage\":\"fi\"},{\"@type\":\"Organization\",\"@id\":\"https:\/\/poolbar.fi\/#organization\",\"name\":\"Poolbar\",\"url\":\"https:\/\/poolbar.fi\/\",\"logo\":{\"@type\":\"ImageObject\",\"inLanguage\":\"fi\",\"@id\":\"https:\/\/poolbar.fi\/#\/schema\/logo\/image\/\",\"url\":\"https:\/\/poolbar.fi\/wp-content\/uploads\/Logo_1000_pixel.png\",\"contentUrl\":\"https:\/\/poolbar.fi\/wp-content\/uploads\/Logo_1000_pixel.png\",\"width\":1000,\"height\":1000,\"caption\":\"Poolbar\"},\"image\":{\"@id\":\"https:\/\/poolbar.fi\/#\/schema\/logo\/image\/\"},\"sameAs\":[\"https:\/\/www.facebook.com\/people\/Riihimen-PoolBar\/100063639903631\/\",\"https:\/\/www.instagram.com\/explore\/locations\/287716545\/riihimaen-poolbar\/\"]}]}<\/script>\n<!-- \/ Yoast SEO plugin. -->","yoast_head_json":{"title":"Poolbar - Poolbar","robots":{"index":"index","follow":"follow","max-snippet":"max-snippet:-1","max-image-preview":"max-image-preview:large","max-video-preview":"max-video-preview:-1"},"canonical":"https:\/\/poolbar.fi\/?page_id=919","og_locale":"fi_FI","og_type":"article","og_title":"Poolbar - Poolbar","og_description":"[vc_row][vc_column][\/vc_column][\/vc_row][vc_row content_placement=&#8221;middle&#8221; row_content_width=&#8221;grid&#8221; css=&#8221;.vc_custom_1710704776753{padding-top: 90px !important;padding-bottom: 90px !important;}&#8221;][vc_column][vc_separator color=&#8221;orange&#8221; style=&#8221;shadow&#8221; border_width=&#8221;2&#8243; el_width=&#8221;70&#8243; css=&#8221;.vc_custom_1710935984530{padding-top: 60px !important;}&#8221;][\/vc_column][\/vc_row][vc_row content_placement=&#8221;middle&#8221; row_content_width=&#8221;grid&#8221; css=&#8221;.vc_custom_1519807846845{padding-bottom: 70px !important;}&#8221;][vc_column][vc_separator color=&#8221;orange&#8221; style=&#8221;shadow&#8221; border_width=&#8221;2&#8243; el_width=&#8221;70&#8243; css=&#8221;.vc_custom_1710936186621{padding-top: 60px !important;}&#8221;][\/vc_column][\/vc_row][vc_row content_placement=&#8221;middle&#8221; row_content_width=&#8221;grid&#8221; css=&#8221;.vc_custom_1519811705830{padding-bottom: 70px !important;}&#8221;][vc_column][\/vc_column][\/vc_row]","og_url":"https:\/\/poolbar.fi\/?page_id=919","og_site_name":"Poolbar","article_publisher":"https:\/\/www.facebook.com\/people\/Riihimen-PoolBar\/100063639903631\/","article_modified_time":"2026-02-15T21:57:10+00:00","twitter_card":"summary_large_image","twitter_misc":{"Arvioitu lukuaika":"3 minuuttia"},"schema":{"@context":"https:\/\/schema.org","@graph":[{"@type":"WebPage","@id":"https:\/\/poolbar.fi\/?page_id=919","url":"https:\/\/poolbar.fi\/?page_id=919","name":"Poolbar - Poolbar","isPartOf":{"@id":"https:\/\/poolbar.fi\/#website"},"datePublished":"2018-02-27T14:22:09+00:00","dateModified":"2026-02-15T21:57:10+00:00","breadcrumb":{"@id":"https:\/\/poolbar.fi\/?page_id=919#breadcrumb"},"inLanguage":"fi","potentialAction":[{"@type":"ReadAction","target":["https:\/\/poolbar.fi\/?page_id=919"]}]},{"@type":"BreadcrumbList","@id":"https:\/\/poolbar.fi\/?page_id=919#breadcrumb","itemListElement":[{"@type":"ListItem","position":1,"name":"Etusivu","item":"https:\/\/poolbar.fi\/"},{"@type":"ListItem","position":2,"name":"Poolbar"}]},{"@type":"WebSite","@id":"https:\/\/poolbar.fi\/#website","url":"https:\/\/poolbar.fi\/","name":"Poolbar","description":"Biljardisali kaikille","publisher":{"@id":"https:\/\/poolbar.fi\/#organization"},"potentialAction":[{"@type":"SearchAction","target":{"@type":"EntryPoint","urlTemplate":"https:\/\/poolbar.fi\/?s={search_term_string}"},"query-input":{"@type":"PropertyValueSpecification","valueRequired":true,"valueName":"search_term_string"}}],"inLanguage":"fi"},{"@type":"Organization","@id":"https:\/\/poolbar.fi\/#organization","name":"Poolbar","url":"https:\/\/poolbar.fi\/","logo":{"@type":"ImageObject","inLanguage":"fi","@id":"https:\/\/poolbar.fi\/#\/schema\/logo\/image\/","url":"https:\/\/poolbar.fi\/wp-content\/uploads\/Logo_1000_pixel.png","contentUrl":"https:\/\/poolbar.fi\/wp-content\/uploads\/Logo_1000_pixel.png","width":1000,"height":1000,"caption":"Poolbar"},"image":{"@id":"https:\/\/poolbar.fi\/#\/schema\/logo\/image\/"},"sameAs":["https:\/\/www.facebook.com\/people\/Riihimen-PoolBar\/100063639903631\/","https:\/\/www.instagram.com\/explore\/locations\/287716545\/riihimaen-poolbar\/"]}]}},"_links":{"self":[{"href":"https:\/\/poolbar.fi\/index.php?rest_route=\/wp\/v2\/pages\/919","targetHints":{"allow":["GET"]}}],"collection":[{"href":"https:\/\/poolbar.fi\/index.php?rest_route=\/wp\/v2\/pages"}],"about":[{"href":"https:\/\/poolbar.fi\/index.php?rest_route=\/wp\/v2\/types\/page"}],"author":[{"embeddable":true,"href":"https:\/\/poolbar.fi\/index.php?rest_route=\/wp\/v2\/users\/1"}],"replies":[{"embeddable":true,"href":"https:\/\/poolbar.fi\/index.php?rest_route=%2Fwp%2Fv2%2Fcomments&post=919"}],"version-history":[{"count":87,"href":"https:\/\/poolbar.fi\/index.php?rest_route=\/wp\/v2\/pages\/919\/revisions"}],"predecessor-version":[{"id":5623,"href":"https:\/\/poolbar.fi\/index.php?rest_route=\/wp\/v2\/pages\/919\/revisions\/5623"}],"wp:attachment":[{"href":"https:\/\/poolbar.fi\/index.php?rest_route=%2Fwp%2Fv2%2Fmedia&parent=919"}],"curies":[{"name":"wp","href":"https:\/\/api.w.org\/{rel}","templated":true}]}}